{"id":2189,"date":"2019-03-20T11:35:49","date_gmt":"2019-03-20T14:35:49","guid":{"rendered":"https:\/\/orys.com.br\/lgpd\/"},"modified":"2022-09-27T14:25:48","modified_gmt":"2022-09-27T17:25:48","slug":"lgpd","status":"publish","type":"page","link":"https:\/\/orys.com.br\/es\/lgpd\/","title":{"rendered":"LGPD"},"content":{"rendered":"<div class=\"wpb-content-wrapper\"><div data-vc-full-width=\"true\" data-vc-full-width-temp=\"true\" data-vc-full-width-init=\"false\" class=\"vc_row wpb_row vc_row-fluid vc_custom_1600972460404 vc_row-has-fill vc_row-o-content-middle vc_row-flex\"><div class=\"wpb_column vc_column_container vc_col-sm-12\"><div class=\"vc_column-inner\"><div class=\"wpb_wrapper\"><h2 style=\"font-size: 55px;color: #ffffff;line-height: 1;text-align: center\" class=\"vc_custom_heading vc_do_custom_heading\" >\u00a1\u00a1\u00a1La LGPD ya est\u00e1 en marcha!!!<\/h2><\/div><\/div><\/div><\/div><div class=\"vc_row-full-width vc_clearfix\"><\/div><div data-vc-full-width=\"true\" data-vc-full-width-temp=\"true\" data-vc-full-width-init=\"false\" class=\"vc_row wpb_row vc_row-fluid vc_custom_1553107166117 vc_row-has-fill\"><div class=\"wpb_column vc_column_container vc_col-sm-12\"><div class=\"vc_column-inner\"><div class=\"wpb_wrapper\">\n\t<div class=\"wpb_text_column wpb_content_element\" >\n\t\t<div class=\"wpb_wrapper\">\n\t\t\t<h4 style=\"text-align: justify;\"><span style=\"color: #ffffff;\">Hemos desarrollado una soluci\u00f3n completa para las empresas que necesitan cumplir con la nueva Ley General de Protecci\u00f3n de Datos. <\/span><span style=\"color: #ffffff;\">Nuestra soluci\u00f3n incluye asesoramiento empresarial, jur\u00eddico y t\u00e9cnico, as\u00ed como herramientas desarrolladas por nuestro socio estrat\u00e9gico <a style=\"color: #ffffff;\" href=\"https:\/\/www.informatica.com\/br\/\" target=\"_blank\" rel=\"noopener noreferrer\">Informatica<\/a>.<\/span><br \/>\n<span style=\"color: #ffffff;\">Ayudaremos a su empresa a responder a las siguientes preguntas:<\/span><\/h4>\n\n\t\t<\/div>\n\t<\/div>\n<div class=\"vc_row wpb_row vc_inner vc_row-fluid vc_row-o-content-middle vc_row-flex\"><div class=\"wpb_column vc_column_container vc_col-sm-3 vc_col-has-fill\"><div class=\"vc_column-inner vc_custom_1553111670304\"><div class=\"wpb_wrapper\">\n\t<div  class=\"wpb_single_image wpb_content_element vc_align_center wpb_content_element\">\n\t\t\n\t\t<figure class=\"wpb_wrapper vc_figure\">\n\t\t\t<div class=\"vc_single_image-wrapper   vc_box_border_grey\"><img loading=\"lazy\" decoding=\"async\" width=\"468\" height=\"309\" src=\"https:\/\/orys.com.br\/wp-content\/uploads\/2022\/09\/Box1-es.png\" class=\"vc_single_image-img attachment-full\" alt=\"\" title=\"Box1-es\" srcset=\"https:\/\/orys.com.br\/wp-content\/uploads\/2022\/09\/Box1-es.png 468w, https:\/\/orys.com.br\/wp-content\/uploads\/2022\/09\/Box1-es-300x198.png 300w, https:\/\/orys.com.br\/wp-content\/uploads\/2022\/09\/Box1-es-221x146.png 221w, https:\/\/orys.com.br\/wp-content\/uploads\/2022\/09\/Box1-es-50x33.png 50w, https:\/\/orys.com.br\/wp-content\/uploads\/2022\/09\/Box1-es-114x75.png 114w\" sizes=\"auto, (max-width:767px) 468px, 468px\" \/><\/div>\n\t\t<\/figure>\n\t<\/div>\n<\/div><\/div><\/div><div class=\"wpb_column vc_column_container vc_col-sm-3 vc_col-has-fill\"><div class=\"vc_column-inner vc_custom_1553111678964\"><div class=\"wpb_wrapper\">\n\t<div  class=\"wpb_single_image wpb_content_element vc_align_center wpb_content_element\">\n\t\t\n\t\t<figure class=\"wpb_wrapper vc_figure\">\n\t\t\t<div class=\"vc_single_image-wrapper   vc_box_border_grey\"><img loading=\"lazy\" decoding=\"async\" width=\"468\" height=\"309\" src=\"https:\/\/orys.com.br\/wp-content\/uploads\/2022\/09\/Box2-es.png\" class=\"vc_single_image-img attachment-full\" alt=\"\" title=\"Box2-es\" srcset=\"https:\/\/orys.com.br\/wp-content\/uploads\/2022\/09\/Box2-es.png 468w, https:\/\/orys.com.br\/wp-content\/uploads\/2022\/09\/Box2-es-300x198.png 300w, https:\/\/orys.com.br\/wp-content\/uploads\/2022\/09\/Box2-es-221x146.png 221w, https:\/\/orys.com.br\/wp-content\/uploads\/2022\/09\/Box2-es-50x33.png 50w, https:\/\/orys.com.br\/wp-content\/uploads\/2022\/09\/Box2-es-114x75.png 114w\" sizes=\"auto, (max-width:767px) 468px, 468px\" \/><\/div>\n\t\t<\/figure>\n\t<\/div>\n<\/div><\/div><\/div><div class=\"wpb_column vc_column_container vc_col-sm-3 vc_col-has-fill\"><div class=\"vc_column-inner vc_custom_1553111686682\"><div class=\"wpb_wrapper\">\n\t<div  class=\"wpb_single_image wpb_content_element vc_align_center wpb_content_element\">\n\t\t\n\t\t<figure class=\"wpb_wrapper vc_figure\">\n\t\t\t<div class=\"vc_single_image-wrapper   vc_box_border_grey\"><img loading=\"lazy\" decoding=\"async\" width=\"468\" height=\"309\" src=\"https:\/\/orys.com.br\/wp-content\/uploads\/2022\/09\/Box3-es.png\" class=\"vc_single_image-img attachment-full\" alt=\"\" title=\"Box3-es\" srcset=\"https:\/\/orys.com.br\/wp-content\/uploads\/2022\/09\/Box3-es.png 468w, https:\/\/orys.com.br\/wp-content\/uploads\/2022\/09\/Box3-es-300x198.png 300w, https:\/\/orys.com.br\/wp-content\/uploads\/2022\/09\/Box3-es-221x146.png 221w, https:\/\/orys.com.br\/wp-content\/uploads\/2022\/09\/Box3-es-50x33.png 50w, https:\/\/orys.com.br\/wp-content\/uploads\/2022\/09\/Box3-es-114x75.png 114w\" sizes=\"auto, (max-width:767px) 468px, 468px\" \/><\/div>\n\t\t<\/figure>\n\t<\/div>\n<\/div><\/div><\/div><div class=\"wpb_column vc_column_container vc_col-sm-3 vc_col-has-fill\"><div class=\"vc_column-inner vc_custom_1553111731188\"><div class=\"wpb_wrapper\">\n\t<div  class=\"wpb_single_image wpb_content_element vc_align_center wpb_content_element\">\n\t\t\n\t\t<figure class=\"wpb_wrapper vc_figure\">\n\t\t\t<div class=\"vc_single_image-wrapper   vc_box_border_grey\"><img loading=\"lazy\" decoding=\"async\" width=\"468\" height=\"309\" src=\"https:\/\/orys.com.br\/wp-content\/uploads\/2022\/09\/Box4-es.png\" class=\"vc_single_image-img attachment-full\" alt=\"\" title=\"Box4-es\" srcset=\"https:\/\/orys.com.br\/wp-content\/uploads\/2022\/09\/Box4-es.png 468w, https:\/\/orys.com.br\/wp-content\/uploads\/2022\/09\/Box4-es-300x198.png 300w, https:\/\/orys.com.br\/wp-content\/uploads\/2022\/09\/Box4-es-221x146.png 221w, https:\/\/orys.com.br\/wp-content\/uploads\/2022\/09\/Box4-es-50x33.png 50w, https:\/\/orys.com.br\/wp-content\/uploads\/2022\/09\/Box4-es-114x75.png 114w\" sizes=\"auto, (max-width:767px) 468px, 468px\" \/><\/div>\n\t\t<\/figure>\n\t<\/div>\n<\/div><\/div><\/div><\/div><div class=\"vc_empty_space\"   style=\"height: 32px\"><span class=\"vc_empty_space_inner\"><\/span><\/div>\n\t<div class=\"wpb_text_column wpb_content_element\" >\n\t\t<div class=\"wpb_wrapper\">\n\t\t\t<h4 style=\"text-align: justify;\"><span style=\"color: #ffffff;\">\u00bfQuiere saber m\u00e1s? P\u00f3ngase en contacto con nosotros y programe una visita de nuestro equipo de expertos:<\/span><\/h4>\n\n\t\t<\/div>\n\t<\/div>\n<div class=\"vc_empty_space\"   style=\"height: 32px\"><span class=\"vc_empty_space_inner\"><\/span><\/div><div id=\"ts-vcsc-iframe-5461485-parent\" class=\"ts-iframe-container ts-iframe-container-fixed  \"  data-height-type=\"heightpixel\" data-height-current=\"\" data-height-last=\"\" data-height-scroll=\"\" data-height-measure=\"offsetHeight,clientHeight,scrollHeight\" data-height-position=\"false\" data-height-minimum=\"400\" data-height-overflow=\"hidden\" data-height-adjust=\"resize\" data-height-interval=\"1000\" data-height-offset=\"0\" data-break-parents=\"6\" data-inline=\"false\" data-border=\"0\" style=\"height: 1010px; padding: 0;  margin-top: 0px; margin-bottom: 0px;\"><iframe loading=\"lazy\" id=\"ts-vcsc-iframe-5461485\" name=\"ts-vcsc-iframe-5461485\" class=\"transparent   \" src=\"https:\/\/share.hsforms.com\/1GAYNyVfMRZWROvQdwpOfWA2o9dy\" style=\"height: 1010px; \" width=\"100%\" height=\"1010px\" frameborder=\"0\" scrolling=\"yes\" webkitallowfullscreen mozallowfullscreen allowfullscreen seamless><\/iframe><\/div><\/div><\/div><\/div><\/div><div class=\"vc_row-full-width vc_clearfix\"><\/div>\n<\/div>","protected":false},"excerpt":{"rendered":"\u00a1\u00a1\u00a1La LGPD ya est\u00e1 en marcha!!! Hemos desarrollado una soluci\u00f3n completa para las empresas que necesitan cumplir con la nueva Ley General de Protecci\u00f3n de Datos. Nuestra soluci\u00f3n incluye asesoramiento empresarial, jur\u00eddico y t\u00e9cnico, as\u00ed como herramientas desarrolladas por nuestro socio estrat\u00e9gico Informatica. Ayudaremos a su empresa a responder a<span class=\"excerpt-hellip\"> [\u2026]<\/span>","protected":false},"author":11,"featured_media":0,"parent":0,"menu_order":0,"comment_status":"closed","ping_status":"closed","template":"","meta":{"footnotes":""},"class_list":["post-2189","page","type-page","status-publish","hentry"],"_links":{"self":[{"href":"https:\/\/orys.com.br\/es\/wp-json\/wp\/v2\/pages\/2189","targetHints":{"allow":["GET"]}}],"collection":[{"href":"https:\/\/orys.com.br\/es\/wp-json\/wp\/v2\/pages"}],"about":[{"href":"https:\/\/orys.com.br\/es\/wp-json\/wp\/v2\/types\/page"}],"author":[{"embeddable":true,"href":"https:\/\/orys.com.br\/es\/wp-json\/wp\/v2\/users\/11"}],"replies":[{"embeddable":true,"href":"https:\/\/orys.com.br\/es\/wp-json\/wp\/v2\/comments?post=2189"}],"version-history":[{"count":5,"href":"https:\/\/orys.com.br\/es\/wp-json\/wp\/v2\/pages\/2189\/revisions"}],"predecessor-version":[{"id":2405,"href":"https:\/\/orys.com.br\/es\/wp-json\/wp\/v2\/pages\/2189\/revisions\/2405"}],"wp:attachment":[{"href":"https:\/\/orys.com.br\/es\/wp-json\/wp\/v2\/media?parent=2189"}],"curies":[{"name":"wp","href":"https:\/\/api.w.org\/{rel}","templated":true}]}}