{"id":2191,"date":"2019-05-14T15:08:30","date_gmt":"2019-05-14T18:08:30","guid":{"rendered":"https:\/\/orys.com.br\/analisis-de-negocios\/"},"modified":"2023-01-05T11:37:38","modified_gmt":"2023-01-05T14:37:38","slug":"business-analytics","status":"publish","type":"page","link":"https:\/\/orys.com.br\/es\/business-analytics\/","title":{"rendered":"Business Analytics"},"content":{"rendered":"<div class=\"wpb-content-wrapper\"><div data-vc-full-width=\"true\" data-vc-full-width-temp=\"true\" data-vc-full-width-init=\"false\" class=\"vc_row wpb_row vc_row-fluid vc_custom_1671718412706 vc_row-has-fill\"><div class=\"wpb_column vc_column_container vc_col-sm-12\"><div class=\"vc_column-inner\"><div class=\"wpb_wrapper\"><div class=\"vc_tta-container\" data-vc-action=\"collapse\"><div class=\"vc_general vc_tta vc_tta-tabs vc_tta-color-grey vc_tta-style-modern vc_tta-shape-rounded vc_tta-spacing-15 vc_tta-tabs-position-top vc_tta-controls-align-center vc_custom_1556900051125\"><div class=\"vc_tta-tabs-container\"><ul class=\"vc_tta-tabs-list\" role=\"tablist\"><li class=\"vc_tta-tab vc_active\" data-vc-tab role=\"presentation\"><a href=\"#desafios-da-ba\" data-vc-tabs data-vc-container=\".vc_tta\" role=\"tab\" aria-selected=\"false\" id=\"tab-desafios-da-ba\"><i class=\"vc_tta-icon fa fa-puzzle-piece\"><\/i><span class=\"vc_tta-title-text\">Desaf\u00edos de B.A.<\/span><\/a><\/li><li class=\"vc_tta-tab\" data-vc-tab role=\"presentation\"><a href=\"#solucao-de-BA\" data-vc-tabs data-vc-container=\".vc_tta\" role=\"tab\" aria-selected=\"false\" id=\"tab-solucao-de-BA\"><i class=\"vc_tta-icon vc-oi vc-oi-lamp\"><\/i><span class=\"vc_tta-title-text\">Soluci\u00f3n B.A.<\/span><\/a><\/li><li class=\"vc_tta-tab\" data-vc-tab role=\"presentation\"><a href=\"#por-que-a-orys\" data-vc-tabs data-vc-container=\".vc_tta\" role=\"tab\" aria-selected=\"false\" id=\"tab-por-que-a-orys\"><i class=\"vc_tta-icon fa fa-handshake-o\"><\/i><span class=\"vc_tta-title-text\">Por qu\u00e9 Orys<\/span><\/a><\/li><\/ul><\/div><div class=\"vc_tta-panels-container\"><div class=\"vc_tta-panels\"><div class=\"vc_tta-panel vc_active\" id=\"desafios-da-ba\" data-vc-content=\".vc_tta-panel-body\"><div class=\"vc_tta-panel-heading\"><h4 class=\"vc_tta-panel-title\"><a href=\"#desafios-da-ba\" data-vc-accordion data-vc-container=\".vc_tta-container\"><i class=\"vc_tta-icon fa fa-puzzle-piece\"><\/i><span class=\"vc_tta-title-text\">Desaf\u00edos de B.A.<\/span><\/a><\/h4><\/div><div class=\"vc_tta-panel-body\"><div class=\"vc_empty_space\"   style=\"height: 15px\"><span class=\"vc_empty_space_inner\"><\/span><\/div><h2 style=\"color: #283a86;text-align: center;font-family:Hammersmith One;font-weight:400;font-style:normal\" class=\"vc_custom_heading vc_do_custom_heading\" >RETOS DE BUSINESS ANALYTICS<\/h2><div class=\"vc_separator wpb_content_element vc_separator_align_center vc_sep_width_100 vc_sep_border_width_3 vc_sep_pos_align_center vc_separator_no_text wpb_content_element  wpb_content_element wpb_animate_when_almost_visible wpb_fadeIn fadeIn wpb_animate_when_almost_visible wpb_fadeIn fadeIn\" ><span class=\"vc_sep_holder vc_sep_holder_l\"><span style=\"border-color:#283a86;\" class=\"vc_sep_line\"><\/span><\/span><span class=\"vc_sep_holder vc_sep_holder_r\"><span style=\"border-color:#283a86;\" class=\"vc_sep_line\"><\/span><\/span>\n<\/div><div class=\"vc_empty_space\"   style=\"height: 15px\"><span class=\"vc_empty_space_inner\"><\/span><\/div><div class=\"vc_row wpb_row vc_inner vc_row-fluid vc_row-o-content-middle vc_row-flex\"><div class=\"wpb_column vc_column_container vc_col-sm-6\"><div class=\"vc_column-inner\"><div class=\"wpb_wrapper\">\n\t<div  class=\"wpb_single_image wpb_content_element vc_align_center wpb_content_element\">\n\t\t\n\t\t<figure class=\"wpb_wrapper vc_figure\">\n\t\t\t<div class=\"vc_single_image-wrapper   vc_box_border_grey\"><img loading=\"lazy\" decoding=\"async\" width=\"550\" height=\"300\" src=\"https:\/\/orys.com.br\/wp-content\/uploads\/2022\/12\/desafios-ba.png\" class=\"vc_single_image-img attachment-full\" alt=\"\" title=\"desafios-ba\" srcset=\"https:\/\/orys.com.br\/wp-content\/uploads\/2022\/12\/desafios-ba.png 550w, https:\/\/orys.com.br\/wp-content\/uploads\/2022\/12\/desafios-ba-300x164.png 300w, https:\/\/orys.com.br\/wp-content\/uploads\/2022\/12\/desafios-ba-260x142.png 260w, https:\/\/orys.com.br\/wp-content\/uploads\/2022\/12\/desafios-ba-50x27.png 50w, https:\/\/orys.com.br\/wp-content\/uploads\/2022\/12\/desafios-ba-138x75.png 138w\" sizes=\"auto, (max-width:767px) 480px, 550px\" \/><\/div>\n\t\t<\/figure>\n\t<\/div>\n<\/div><\/div><\/div><div class=\"wpb_column vc_column_container vc_col-sm-6\"><div class=\"vc_column-inner\"><div class=\"wpb_wrapper\">\n\t<div class=\"wpb_text_column wpb_content_element\" >\n\t\t<div class=\"wpb_wrapper\">\n\t\t\t<p>El futuro de la inteligencia de negocio de las empresas est\u00e1 directamente relacionado con la implantaci\u00f3n de herramientas de Business Analitycs.<\/p>\n<p>Las BI tradicionales ya no soportan el volumen de datos que se generan actualmente y actualmente existe una resistencia relacionada con las nuevas herramientas (B.A.) para implementar bases de datos no relacionales. Todav\u00eda est\u00e1 latente la necesidad de generar modelos predictivos.<\/p>\n<p>Podemos enumerar tres puntos sensibles relacionados con los Business Analitycs:<\/p>\n<ol>\n<li>Aumento significativo del volumen de datos que dificulta el uso de las herramientas actuales;<\/li>\n<li>Infrautilizaci\u00f3n de los datos presentes en el Data Lake;<\/li>\n<li>Falta de buenas pr\u00e1cticas y de expertos en modelos predictivos.<\/li>\n<\/ol>\n\n\t\t<\/div>\n\t<\/div>\n<\/div><\/div><\/div><\/div><\/div><\/div><div class=\"vc_tta-panel\" id=\"solucao-de-BA\" data-vc-content=\".vc_tta-panel-body\"><div class=\"vc_tta-panel-heading\"><h4 class=\"vc_tta-panel-title\"><a href=\"#solucao-de-BA\" data-vc-accordion data-vc-container=\".vc_tta-container\"><i class=\"vc_tta-icon vc-oi vc-oi-lamp\"><\/i><span class=\"vc_tta-title-text\">Soluci\u00f3n B.A.<\/span><\/a><\/h4><\/div><div class=\"vc_tta-panel-body\"><div class=\"vc_empty_space\"   style=\"height: 15px\"><span class=\"vc_empty_space_inner\"><\/span><\/div><h2 style=\"color: #283a86;text-align: center;font-family:Hammersmith One;font-weight:400;font-style:normal\" class=\"vc_custom_heading vc_do_custom_heading\" >QU\u00c9 ES LA SOLUCI\u00d3N DE BUSINESS ANALYTICS<\/h2><div class=\"vc_separator wpb_content_element vc_separator_align_center vc_sep_width_100 vc_sep_border_width_3 vc_sep_pos_align_center vc_separator_no_text wpb_content_element  wpb_content_element wpb_animate_when_almost_visible wpb_fadeIn fadeIn wpb_animate_when_almost_visible wpb_fadeIn fadeIn\" ><span class=\"vc_sep_holder vc_sep_holder_l\"><span style=\"border-color:#283a86;\" class=\"vc_sep_line\"><\/span><\/span><span class=\"vc_sep_holder vc_sep_holder_r\"><span style=\"border-color:#283a86;\" class=\"vc_sep_line\"><\/span><\/span>\n<\/div><div class=\"vc_empty_space\"   style=\"height: 15px\"><span class=\"vc_empty_space_inner\"><\/span><\/div><div class=\"vc_row wpb_row vc_inner vc_row-fluid vc_row-o-content-middle vc_row-flex\"><div class=\"wpb_column vc_column_container vc_col-sm-6\"><div class=\"vc_column-inner\"><div class=\"wpb_wrapper\">\n\t<div  class=\"wpb_single_image wpb_content_element vc_align_center wpb_content_element\">\n\t\t\n\t\t<figure class=\"wpb_wrapper vc_figure\">\n\t\t\t<div class=\"vc_single_image-wrapper   vc_box_border_grey\"><img loading=\"lazy\" decoding=\"async\" width=\"550\" height=\"300\" src=\"https:\/\/orys.com.br\/wp-content\/uploads\/2022\/12\/solucoes-ba.png\" class=\"vc_single_image-img attachment-full\" alt=\"\" title=\"solucoes-ba\" srcset=\"https:\/\/orys.com.br\/wp-content\/uploads\/2022\/12\/solucoes-ba.png 550w, https:\/\/orys.com.br\/wp-content\/uploads\/2022\/12\/solucoes-ba-300x164.png 300w, https:\/\/orys.com.br\/wp-content\/uploads\/2022\/12\/solucoes-ba-260x142.png 260w, https:\/\/orys.com.br\/wp-content\/uploads\/2022\/12\/solucoes-ba-50x27.png 50w, https:\/\/orys.com.br\/wp-content\/uploads\/2022\/12\/solucoes-ba-138x75.png 138w\" sizes=\"auto, (max-width:767px) 480px, 550px\" \/><\/div>\n\t\t<\/figure>\n\t<\/div>\n<\/div><\/div><\/div><div class=\"wpb_column vc_column_container vc_col-sm-6\"><div class=\"vc_column-inner\"><div class=\"wpb_wrapper\">\n\t<div class=\"wpb_text_column wpb_content_element\" >\n\t\t<div class=\"wpb_wrapper\">\n\t\t\t<p>La soluci\u00f3n Business Analitycs aborda todos los retos a los que se enfrentan las empresas. Consta de:<\/p>\n<ul>\n<li>Consultor\u00eda especializada para proponer nuevas visiones en la implantaci\u00f3n de modelos predictivos;<\/li>\n<li>Soluci\u00f3n especializada para grandes vol\u00famenes de datos (Cloudera);<\/li>\n<li>Mejora del rendimiento del procesamiento de datos (velocidad);<\/li>\n<li>Soluci\u00f3n especializada para la publicaci\u00f3n\/visualizaci\u00f3n de datos de ejecutivos;<\/li>\n<li>Soluci\u00f3n que facilita la generaci\u00f3n de datos predictivos (algoritmos predefinidos).<\/li>\n<\/ul>\n\n\t\t<\/div>\n\t<\/div>\n<\/div><\/div><\/div><\/div><\/div><\/div><div class=\"vc_tta-panel\" id=\"por-que-a-orys\" data-vc-content=\".vc_tta-panel-body\"><div class=\"vc_tta-panel-heading\"><h4 class=\"vc_tta-panel-title\"><a href=\"#por-que-a-orys\" data-vc-accordion data-vc-container=\".vc_tta-container\"><i class=\"vc_tta-icon fa fa-handshake-o\"><\/i><span class=\"vc_tta-title-text\">Por qu\u00e9 Orys<\/span><\/a><\/h4><\/div><div class=\"vc_tta-panel-body\"><div class=\"vc_empty_space\"   style=\"height: 15px\"><span class=\"vc_empty_space_inner\"><\/span><\/div><h2 style=\"color: #283a86;text-align: center;font-family:Hammersmith One;font-weight:400;font-style:normal\" class=\"vc_custom_heading vc_do_custom_heading\" >POR QU\u00c9 ORYS<\/h2><div class=\"vc_separator wpb_content_element vc_separator_align_center vc_sep_width_100 vc_sep_border_width_3 vc_sep_pos_align_center vc_separator_no_text wpb_content_element  wpb_content_element wpb_animate_when_almost_visible wpb_fadeIn fadeIn wpb_animate_when_almost_visible wpb_fadeIn fadeIn\" ><span class=\"vc_sep_holder vc_sep_holder_l\"><span style=\"border-color:#283a86;\" class=\"vc_sep_line\"><\/span><\/span><span class=\"vc_sep_holder vc_sep_holder_r\"><span style=\"border-color:#283a86;\" class=\"vc_sep_line\"><\/span><\/span>\n<\/div><div class=\"vc_empty_space\"   style=\"height: 15px\"><span class=\"vc_empty_space_inner\"><\/span><\/div><div class=\"vc_row wpb_row vc_inner vc_row-fluid vc_row-o-content-middle vc_row-flex\"><div class=\"wpb_column vc_column_container vc_col-sm-6\"><div class=\"vc_column-inner\"><div class=\"wpb_wrapper\">\n\t<div  class=\"wpb_single_image wpb_content_element vc_align_center wpb_content_element\">\n\t\t\n\t\t<figure class=\"wpb_wrapper vc_figure\">\n\t\t\t<div class=\"vc_single_image-wrapper   vc_box_border_grey\"><img loading=\"lazy\" decoding=\"async\" width=\"550\" height=\"300\" src=\"https:\/\/orys.com.br\/wp-content\/uploads\/2022\/12\/imagem-produtos-orys.png\" class=\"vc_single_image-img attachment-full\" alt=\"\" title=\"imagem-produtos-orys\" srcset=\"https:\/\/orys.com.br\/wp-content\/uploads\/2022\/12\/imagem-produtos-orys.png 550w, https:\/\/orys.com.br\/wp-content\/uploads\/2022\/12\/imagem-produtos-orys-300x164.png 300w, https:\/\/orys.com.br\/wp-content\/uploads\/2022\/12\/imagem-produtos-orys-260x142.png 260w, https:\/\/orys.com.br\/wp-content\/uploads\/2022\/12\/imagem-produtos-orys-50x27.png 50w, https:\/\/orys.com.br\/wp-content\/uploads\/2022\/12\/imagem-produtos-orys-138x75.png 138w\" sizes=\"auto, (max-width:767px) 480px, 550px\" \/><\/div>\n\t\t<\/figure>\n\t<\/div>\n<\/div><\/div><\/div><div class=\"wpb_column vc_column_container vc_col-sm-6\"><div class=\"vc_column-inner\"><div class=\"wpb_wrapper\">\n\t<div class=\"wpb_text_column wpb_content_element\" >\n\t\t<div class=\"wpb_wrapper\">\n\t\t\t<p>Somos una empresa especializada en todo lo relacionado con la Anal\u00edtica Empresarial.<br \/>\nCon respecto a B.A.:<\/p>\n<ul>\n<li>Trabajamos con soluciones desarrolladas exclusivamente para Business Analitycs;<\/li>\n<li>Soluciones l\u00edderes en el Cuadrante M\u00e1gico de Gartner;<\/li>\n<li>No requiere programaci\u00f3n;<\/li>\n<li>Contamos con m\u00e1s de 15 a\u00f1os de experiencia en proyectos de Business Analitycs.<\/li>\n<\/ul>\n\n\t\t<\/div>\n\t<\/div>\n<\/div><\/div><\/div><\/div><\/div><\/div><\/div><\/div><\/div><\/div><\/div><\/div><\/div><\/div><div class=\"vc_row-full-width vc_clearfix\"><\/div>\n<\/div>","protected":false},"excerpt":{"rendered":"Desaf\u00edos de B.A.Soluci\u00f3n B.A.Por qu\u00e9 OrysDesaf\u00edos de B.A.RETOS DE BUSINESS ANALYTICS El futuro de la inteligencia de negocio de las empresas est\u00e1 directamente relacionado con la implantaci\u00f3n de herramientas de Business Analitycs. Las BI tradicionales ya no soportan el volumen de datos que se generan actualmente y actualmente existe una<span class=\"excerpt-hellip\"> [\u2026]<\/span>","protected":false},"author":11,"featured_media":0,"parent":0,"menu_order":0,"comment_status":"closed","ping_status":"closed","template":"","meta":{"footnotes":""},"class_list":["post-2191","page","type-page","status-publish","hentry"],"_links":{"self":[{"href":"https:\/\/orys.com.br\/es\/wp-json\/wp\/v2\/pages\/2191","targetHints":{"allow":["GET"]}}],"collection":[{"href":"https:\/\/orys.com.br\/es\/wp-json\/wp\/v2\/pages"}],"about":[{"href":"https:\/\/orys.com.br\/es\/wp-json\/wp\/v2\/types\/page"}],"author":[{"embeddable":true,"href":"https:\/\/orys.com.br\/es\/wp-json\/wp\/v2\/users\/11"}],"replies":[{"embeddable":true,"href":"https:\/\/orys.com.br\/es\/wp-json\/wp\/v2\/comments?post=2191"}],"version-history":[{"count":5,"href":"https:\/\/orys.com.br\/es\/wp-json\/wp\/v2\/pages\/2191\/revisions"}],"predecessor-version":[{"id":3359,"href":"https:\/\/orys.com.br\/es\/wp-json\/wp\/v2\/pages\/2191\/revisions\/3359"}],"wp:attachment":[{"href":"https:\/\/orys.com.br\/es\/wp-json\/wp\/v2\/media?parent=2191"}],"curies":[{"name":"wp","href":"https:\/\/api.w.org\/{rel}","templated":true}]}}