{"id":2221,"date":"2019-08-27T09:19:41","date_gmt":"2019-08-27T12:19:41","guid":{"rendered":"https:\/\/orys.com.br\/programa-de-formacion\/"},"modified":"2022-09-26T12:17:24","modified_gmt":"2022-09-26T15:17:24","slug":"programa-de-formacion","status":"publish","type":"page","link":"https:\/\/orys.com.br\/es\/programa-de-formacion\/","title":{"rendered":"Programa de formaci\u00f3n"},"content":{"rendered":"<div class=\"wpb-content-wrapper\"><div data-vc-full-width=\"true\" data-vc-full-width-temp=\"true\" data-vc-full-width-init=\"false\" class=\"vc_row wpb_row vc_row-fluid vc_custom_1567543853772 vc_row-has-fill\"><div class=\"wpb_column vc_column_container vc_col-sm-12\"><div class=\"vc_column-inner\"><div class=\"wpb_wrapper\"><h2 style=\"color: #000000;text-align: center;font-family:Hammersmith One;font-weight:400;font-style:normal\" class=\"vc_custom_heading vc_do_custom_heading\" >SOBRE EL PROGRAMA DE PR\u00c1CTICAS DE ORYS<\/h2><div class=\"vc_row wpb_row vc_inner vc_row-fluid vc_custom_1567543788623 vc_row-has-fill\"><div class=\"wpb_column vc_column_container vc_col-sm-6\"><div class=\"vc_column-inner\"><div class=\"wpb_wrapper\">\n\t<div class=\"wpb_text_column wpb_content_element vc_custom_1567543068469\" >\n\t\t<div class=\"wpb_wrapper\">\n\t\t\t<p style=\"text-align: justify;\"><strong>Objetivos del programa<\/strong><\/p>\n<p style=\"text-align: justify;\">Formaci\u00f3n y desarrollo de nuevos talentos que, junto con nuestro equipo, se preparar\u00e1n para trabajar en nuestros proyectos.<\/p>\n<p style=\"text-align: justify;\"><strong>P\u00fablico objetivo<\/strong><\/p>\n<p style=\"text-align: justify;\">J\u00f3venes que, al igual que la empresa, buscan el aprendizaje, el crecimiento y el logro.<\/p>\n<p style=\"text-align: justify;\"><strong>Requisitos previos:  <\/strong><\/p>\n<p style=\"text-align: justify;\">Para poder participar en el programa de pr\u00e1cticas de Orys, debe cumplir los siguientes requisitos:<\/p>\n<ul style=\"text-align: justify;\">\n<li>Conocimientos en Bases de Datos &#8211; Comandos SQL<\/li>\n<li>Ser estudiante de \u00faltimo a\u00f1o o graduado en tecnolog\u00eda. (Curso de educaci\u00f3n superior)<\/li>\n<\/ul>\n<p style=\"text-align: justify;\"><strong>Pasos:  <\/strong><\/p>\n<p style=\"text-align: justify;\">&#8211; Inscripci\u00f3n<br \/>\n&#8211; Entrevista con RRHH<br \/>\n&#8211; Formaci\u00f3n<br \/>\n&#8211; Anuncio de los candidatos aprobados<\/p>\n\n\t\t<\/div>\n\t<\/div>\n<\/div><\/div><\/div><div class=\"wpb_column vc_column_container vc_col-sm-6\"><div class=\"vc_column-inner\"><div class=\"wpb_wrapper\">\n\t<div  class=\"wpb_single_image wpb_content_element vc_align_center wpb_content_element\">\n\t\t\n\t\t<figure class=\"wpb_wrapper vc_figure\">\n\t\t\t<div class=\"vc_single_image-wrapper   vc_box_border_grey\"><img loading=\"lazy\" decoding=\"async\" width=\"570\" height=\"270\" src=\"https:\/\/orys.com.br\/wp-content\/uploads\/2019\/08\/trainee-orys.jpg\" class=\"vc_single_image-img attachment-full\" alt=\"\" title=\"trainee-orys\" srcset=\"https:\/\/orys.com.br\/wp-content\/uploads\/2019\/08\/trainee-orys.jpg 570w, https:\/\/orys.com.br\/wp-content\/uploads\/2019\/08\/trainee-orys-300x142.jpg 300w, https:\/\/orys.com.br\/wp-content\/uploads\/2019\/08\/trainee-orys-260x123.jpg 260w, https:\/\/orys.com.br\/wp-content\/uploads\/2019\/08\/trainee-orys-50x24.jpg 50w, https:\/\/orys.com.br\/wp-content\/uploads\/2019\/08\/trainee-orys-150x71.jpg 150w\" sizes=\"auto, (max-width:767px) 480px, 570px\" \/><\/div>\n\t\t<\/figure>\n\t<\/div>\n<h3 style=\"color: #000000;text-align: center;font-family:Hammersmith One;font-weight:400;font-style:normal\" class=\"vc_custom_heading vc_do_custom_heading\" >REGISTRO<\/h3>\n\t<div class=\"wpb_text_column wpb_content_element vc_custom_1567542980702\" >\n\t\t<div class=\"wpb_wrapper\">\n\t\t\t<p style=\"text-align: justify;\">Env\u00ede un correo electr\u00f3nico con:<\/p>\n<p style=\"text-align: justify;\">&#8211; Nombre completo;<br \/>\n&#8211; Correo electr\u00f3nico;<br \/>\n&#8211; Tel\u00e9fono de contacto;<br \/>\n-Si lo desea, tambi\u00e9n puede enviarnos su CV.<\/p>\n<p><strong>Correo electr\u00f3nico para el env\u00edo: <a href=\"mailto:luciana.iamada@orys.com.br\">luciana.iamada@orys.com.br<\/a><\/strong><\/p>\n\n\t\t<\/div>\n\t<\/div>\n<\/div><\/div><\/div><\/div>\n\t<div class=\"wpb_text_column wpb_content_element\" >\n\t\t<div class=\"wpb_wrapper\">\n\t\t\t<h2 style=\"text-align: center;\"><strong>\u00a1Ven y \u00fanete a este equipo!<br \/>\n<\/strong><\/h2>\n<h2 style=\"text-align: center;\"><strong>\u00a1Te esperamos!<\/strong><\/h2>\n\n\t\t<\/div>\n\t<\/div>\n<\/div><\/div><\/div><\/div><div class=\"vc_row-full-width vc_clearfix\"><\/div><div data-vc-full-width=\"true\" data-vc-full-width-temp=\"true\" data-vc-full-width-init=\"false\" class=\"vc_row wpb_row vc_row-fluid vc_custom_1517428037617 vc_row-has-fill\"><div class=\"wpb_column vc_column_container vc_col-sm-4\"><div class=\"vc_column-inner\"><div class=\"wpb_wrapper\"><\/div><\/div><\/div><div class=\"wpb_column vc_column_container vc_col-sm-4\"><div class=\"vc_column-inner\"><div class=\"wpb_wrapper\"><div class=\"vc_row wpb_row vc_inner vc_row-fluid\"><div class=\"wpb_column vc_column_container vc_col-sm-4\"><div class=\"vc_column-inner\"><div class=\"wpb_wrapper\"><div class=\"vc_icon_element vc_icon_element-outer vc_do_icon vc_icon_element-align-center\"><div class=\"vc_icon_element-inner vc_icon_element-color-custom vc_icon_element-size-md vc_icon_element-style- vc_icon_element-background-color-grey\" ><span class=\"vc_icon_element-icon fa fa-facebook-official\" style=\"color:#1e73be !important\"><\/span><a class=\"vc_icon_element-link\" href=\"https:\/\/www.facebook.com\/oryssolucoes\/\"  title=\"\" target=\"_blank\"><\/a><\/div><\/div><\/div><\/div><\/div><div class=\"wpb_column vc_column_container vc_col-sm-4\"><div class=\"vc_column-inner\"><div class=\"wpb_wrapper\"><div class=\"vc_icon_element vc_icon_element-outer vc_do_icon vc_icon_element-align-center\"><div class=\"vc_icon_element-inner vc_icon_element-color-custom vc_icon_element-size-md vc_icon_element-style- vc_icon_element-background-color-grey\" ><span class=\"vc_icon_element-icon fa fa-youtube-play\" style=\"color:#1e73be !important\"><\/span><a class=\"vc_icon_element-link\" href=\"https:\/\/www.youtube.com\/channel\/UCvLlira71UJuFa6vQpK9SlA\"  title=\"\" target=\"_blank\"><\/a><\/div><\/div><\/div><\/div><\/div><div class=\"wpb_column vc_column_container vc_col-sm-4\"><div class=\"vc_column-inner\"><div class=\"wpb_wrapper\"><div class=\"vc_icon_element vc_icon_element-outer vc_do_icon vc_icon_element-align-center\"><div class=\"vc_icon_element-inner vc_icon_element-color-custom vc_icon_element-size-md vc_icon_element-style- vc_icon_element-background-color-grey\" ><span class=\"vc_icon_element-icon fa fa-linkedin-square\" style=\"color:#1e73be !important\"><\/span><a class=\"vc_icon_element-link\" href=\"https:\/\/www.linkedin.com\/company\/orys\/\"  title=\"\" target=\"_blank\"><\/a><\/div><\/div><\/div><\/div><\/div><\/div><\/div><\/div><\/div><div class=\"wpb_column vc_column_container vc_col-sm-4\"><div class=\"vc_column-inner\"><div class=\"wpb_wrapper\"><\/div><\/div><\/div><\/div><div class=\"vc_row-full-width vc_clearfix\"><\/div>\n<\/div>","protected":false},"excerpt":{"rendered":"SOBRE EL PROGRAMA DE PR\u00c1CTICAS DE ORYS Objetivos del programa Formaci\u00f3n y desarrollo de nuevos talentos que, junto con nuestro equipo, se preparar\u00e1n para trabajar en nuestros proyectos. P\u00fablico objetivo J\u00f3venes que, al igual que la empresa, buscan el aprendizaje, el crecimiento y el logro. Requisitos previos: Para poder participar<span class=\"excerpt-hellip\"> [\u2026]<\/span>","protected":false},"author":11,"featured_media":0,"parent":0,"menu_order":0,"comment_status":"closed","ping_status":"closed","template":"","meta":{"footnotes":""},"class_list":["post-2221","page","type-page","status-publish","hentry"],"_links":{"self":[{"href":"https:\/\/orys.com.br\/es\/wp-json\/wp\/v2\/pages\/2221","targetHints":{"allow":["GET"]}}],"collection":[{"href":"https:\/\/orys.com.br\/es\/wp-json\/wp\/v2\/pages"}],"about":[{"href":"https:\/\/orys.com.br\/es\/wp-json\/wp\/v2\/types\/page"}],"author":[{"embeddable":true,"href":"https:\/\/orys.com.br\/es\/wp-json\/wp\/v2\/users\/11"}],"replies":[{"embeddable":true,"href":"https:\/\/orys.com.br\/es\/wp-json\/wp\/v2\/comments?post=2221"}],"version-history":[{"count":2,"href":"https:\/\/orys.com.br\/es\/wp-json\/wp\/v2\/pages\/2221\/revisions"}],"predecessor-version":[{"id":2237,"href":"https:\/\/orys.com.br\/es\/wp-json\/wp\/v2\/pages\/2221\/revisions\/2237"}],"wp:attachment":[{"href":"https:\/\/orys.com.br\/es\/wp-json\/wp\/v2\/media?parent=2221"}],"curies":[{"name":"wp","href":"https:\/\/api.w.org\/{rel}","templated":true}]}}