{"id":2233,"date":"2017-12-07T13:10:03","date_gmt":"2017-12-07T15:10:03","guid":{"rendered":"https:\/\/orys.com.br\/contacte-con\/"},"modified":"2022-12-22T19:11:56","modified_gmt":"2022-12-22T22:11:56","slug":"contacto","status":"publish","type":"page","link":"https:\/\/orys.com.br\/es\/contacto\/","title":{"rendered":"Contacto"},"content":{"rendered":"<div class=\"wpb-content-wrapper\"><div id=\"contacto\" data-vc-full-width=\"true\" data-vc-full-width-temp=\"true\" data-vc-full-width-init=\"false\" class=\"vc_row wpb_row vc_row-fluid vc_custom_1671746542658 vc_row-has-fill\"><div class=\"wpb_column vc_column_container vc_col-sm-12\"><div class=\"vc_column-inner\"><div class=\"wpb_wrapper\"><div class=\"vc_row wpb_row vc_inner vc_row-fluid\"><div class=\"wpb_column vc_column_container vc_col-sm-12\"><div class=\"vc_column-inner\"><div class=\"wpb_wrapper\">\n\t<div  class=\"wpb_single_image wpb_content_element vc_align_center wpb_content_element\">\n\t\t\n\t\t<figure class=\"wpb_wrapper vc_figure\">\n\t\t\t<div class=\"vc_single_image-wrapper   vc_box_border_grey\"><img loading=\"lazy\" decoding=\"async\" width=\"400\" height=\"144\" src=\"https:\/\/orys.com.br\/wp-content\/uploads\/2019\/04\/logo-orys-bco-retina.png\" class=\"vc_single_image-img attachment-full\" alt=\"\" title=\"logo-orys-bco-retina\" srcset=\"https:\/\/orys.com.br\/wp-content\/uploads\/2019\/04\/logo-orys-bco-retina.png 400w, https:\/\/orys.com.br\/wp-content\/uploads\/2019\/04\/logo-orys-bco-retina-300x108.png 300w, https:\/\/orys.com.br\/wp-content\/uploads\/2019\/04\/logo-orys-bco-retina-260x94.png 260w, https:\/\/orys.com.br\/wp-content\/uploads\/2019\/04\/logo-orys-bco-retina-50x18.png 50w, https:\/\/orys.com.br\/wp-content\/uploads\/2019\/04\/logo-orys-bco-retina-150x54.png 150w\" sizes=\"auto, (max-width:767px) 400px, 400px\" \/><\/div>\n\t\t<\/figure>\n\t<\/div>\n\n\t<div class=\"wpb_text_column wpb_content_element\" >\n\t\t<div class=\"wpb_wrapper\">\n\t\t\t<h3 style=\"text-align: center;\"><span style=\"color: #ffffff;\">Avenida Ira\u00ed, 393 &#8211; Conjunto 41<br \/>\nMoema &#8211; 04082-001 &#8211; S\u00e3o Paulo &#8211; SP<br \/>\nTel\u00e9fono +55 (11) 3995-8161<\/span><\/h3>\n\n\t\t<\/div>\n\t<\/div>\n\n\t<div class=\"wpb_text_column wpb_content_element\" >\n\t\t<div class=\"wpb_wrapper\">\n\t\t\t<h3 style=\"text-align: center;\"><span style=\"color: #ffffff;\">comercial@orys.com.br<\/span><\/h3>\n\n\t\t<\/div>\n\t<\/div>\n<\/div><\/div><\/div><\/div><\/div><\/div><\/div><\/div><div class=\"vc_row-full-width vc_clearfix\"><\/div><div data-vc-full-width=\"true\" data-vc-full-width-temp=\"true\" data-vc-full-width-init=\"false\" class=\"vc_row wpb_row vc_row-fluid vc_custom_1671747049329 vc_row-has-fill\"><div class=\"wpb_column vc_column_container vc_col-sm-4\"><div class=\"vc_column-inner\"><div class=\"wpb_wrapper\"><\/div><\/div><\/div><div class=\"wpb_column vc_column_container vc_col-sm-4\"><div class=\"vc_column-inner\"><div class=\"wpb_wrapper\"><div class=\"vc_row wpb_row vc_inner vc_row-fluid\"><div class=\"wpb_column vc_column_container vc_col-sm-4\"><div class=\"vc_column-inner\"><div class=\"wpb_wrapper\"><div class=\"vc_icon_element vc_icon_element-outer vc_do_icon vc_icon_element-align-center\"><div class=\"vc_icon_element-inner vc_icon_element-color-custom vc_icon_element-size-md vc_icon_element-style- vc_icon_element-background-color-grey\" ><span class=\"vc_icon_element-icon fab fa-facebook\" style=\"color:#ffffff !important\"><\/span><a class=\"vc_icon_element-link\" href=\"https:\/\/www.facebook.com\/oryssolucoes\/\"  title=\"\" target=\"_blank\"><\/a><\/div><\/div><\/div><\/div><\/div><div class=\"wpb_column vc_column_container vc_col-sm-4\"><div class=\"vc_column-inner\"><div class=\"wpb_wrapper\"><div class=\"vc_icon_element vc_icon_element-outer vc_do_icon vc_icon_element-align-center\"><div class=\"vc_icon_element-inner vc_icon_element-color-custom vc_icon_element-size-md vc_icon_element-style- vc_icon_element-background-color-grey\" ><span class=\"vc_icon_element-icon fab fa-youtube\" style=\"color:#ffffff !important\"><\/span><a class=\"vc_icon_element-link\" href=\"https:\/\/www.youtube.com\/channel\/UCvLlira71UJuFa6vQpK9SlA\"  title=\"\" target=\"_blank\"><\/a><\/div><\/div><\/div><\/div><\/div><div class=\"wpb_column vc_column_container vc_col-sm-4\"><div class=\"vc_column-inner\"><div class=\"wpb_wrapper\"><div class=\"vc_icon_element vc_icon_element-outer vc_do_icon vc_icon_element-align-center\"><div class=\"vc_icon_element-inner vc_icon_element-color-custom vc_icon_element-size-md vc_icon_element-style- vc_icon_element-background-color-grey\" ><span class=\"vc_icon_element-icon fab fa-linkedin\" style=\"color:#ffffff !important\"><\/span><a class=\"vc_icon_element-link\" href=\"https:\/\/www.linkedin.com\/company\/orys\/\"  title=\"\" target=\"_blank\"><\/a><\/div><\/div><\/div><\/div><\/div><\/div><\/div><\/div><\/div><div class=\"wpb_column vc_column_container vc_col-sm-4\"><div class=\"vc_column-inner\"><div class=\"wpb_wrapper\"><\/div><\/div><\/div><\/div><div class=\"vc_row-full-width vc_clearfix\"><\/div>\n<\/div>","protected":false},"excerpt":{"rendered":"Avenida Ira\u00ed, 393 - Conjunto 41 Moema - 04082-001 - S\u00e3o Paulo - SP Tel\u00e9fono +55 (11) 3995-8161 comercial@orys.com.br","protected":false},"author":11,"featured_media":0,"parent":0,"menu_order":0,"comment_status":"closed","ping_status":"closed","template":"","meta":{"footnotes":""},"class_list":["post-2233","page","type-page","status-publish","hentry"],"_links":{"self":[{"href":"https:\/\/orys.com.br\/es\/wp-json\/wp\/v2\/pages\/2233","targetHints":{"allow":["GET"]}}],"collection":[{"href":"https:\/\/orys.com.br\/es\/wp-json\/wp\/v2\/pages"}],"about":[{"href":"https:\/\/orys.com.br\/es\/wp-json\/wp\/v2\/types\/page"}],"author":[{"embeddable":true,"href":"https:\/\/orys.com.br\/es\/wp-json\/wp\/v2\/users\/11"}],"replies":[{"embeddable":true,"href":"https:\/\/orys.com.br\/es\/wp-json\/wp\/v2\/comments?post=2233"}],"version-history":[{"count":5,"href":"https:\/\/orys.com.br\/es\/wp-json\/wp\/v2\/pages\/2233\/revisions"}],"predecessor-version":[{"id":2862,"href":"https:\/\/orys.com.br\/es\/wp-json\/wp\/v2\/pages\/2233\/revisions\/2862"}],"wp:attachment":[{"href":"https:\/\/orys.com.br\/es\/wp-json\/wp\/v2\/media?parent=2233"}],"curies":[{"name":"wp","href":"https:\/\/api.w.org\/{rel}","templated":true}]}}