{"id":2259,"date":"2019-05-14T15:02:20","date_gmt":"2019-05-14T18:02:20","guid":{"rendered":"https:\/\/orys.com.br\/gobernanza-de-los-datos\/"},"modified":"2023-01-05T12:37:51","modified_gmt":"2023-01-05T15:37:51","slug":"gobierno-de-datos","status":"publish","type":"page","link":"https:\/\/orys.com.br\/es\/gobierno-de-datos\/","title":{"rendered":"Gobierno de los Datos"},"content":{"rendered":"<div class=\"wpb-content-wrapper\"><div data-vc-full-width=\"true\" data-vc-full-width-temp=\"true\" data-vc-full-width-init=\"false\" class=\"vc_row wpb_row vc_row-fluid vc_custom_1671716443667 vc_row-has-fill\"><div class=\"wpb_column vc_column_container vc_col-sm-12\"><div class=\"vc_column-inner\"><div class=\"wpb_wrapper\"><div class=\"vc_tta-container\" data-vc-action=\"collapse\"><div class=\"vc_general vc_tta vc_tta-tabs vc_tta-color-grey vc_tta-style-modern vc_tta-shape-rounded vc_tta-spacing-15 vc_tta-tabs-position-top vc_tta-controls-align-center vc_custom_1556900051125\"><div class=\"vc_tta-tabs-container\"><ul class=\"vc_tta-tabs-list\" role=\"tablist\"><li class=\"vc_tta-tab vc_active\" data-vc-tab role=\"presentation\"><a href=\"#desafios-da-governanca\" data-vc-tabs data-vc-container=\".vc_tta\" role=\"tab\" aria-selected=\"false\" id=\"tab-desafios-da-governanca\"><i class=\"vc_tta-icon fa fa-puzzle-piece\"><\/i><span class=\"vc_tta-title-text\">Retos de lo gobierno<\/span><\/a><\/li><li class=\"vc_tta-tab\" data-vc-tab role=\"presentation\"><a href=\"#solucao-de-governanca\" data-vc-tabs data-vc-container=\".vc_tta\" role=\"tab\" aria-selected=\"false\" id=\"tab-solucao-de-governanca\"><i class=\"vc_tta-icon vc-oi vc-oi-lamp\"><\/i><span class=\"vc_tta-title-text\">Soluci\u00f3n de gobierno<\/span><\/a><\/li><li class=\"vc_tta-tab\" data-vc-tab role=\"presentation\"><a href=\"#por-que-a-orys\" data-vc-tabs data-vc-container=\".vc_tta\" role=\"tab\" aria-selected=\"false\" id=\"tab-por-que-a-orys\"><i class=\"vc_tta-icon fa fa-handshake-o\"><\/i><span class=\"vc_tta-title-text\">Por qu\u00e9 Orys<\/span><\/a><\/li><\/ul><\/div><div class=\"vc_tta-panels-container\"><div class=\"vc_tta-panels\"><div class=\"vc_tta-panel vc_active\" id=\"desafios-da-governanca\" data-vc-content=\".vc_tta-panel-body\"><div class=\"vc_tta-panel-heading\"><h4 class=\"vc_tta-panel-title\"><a href=\"#desafios-da-governanca\" data-vc-accordion data-vc-container=\".vc_tta-container\"><i class=\"vc_tta-icon fa fa-puzzle-piece\"><\/i><span class=\"vc_tta-title-text\">Retos de lo gobierno<\/span><\/a><\/h4><\/div><div class=\"vc_tta-panel-body\"><div class=\"vc_empty_space\"   style=\"height: 15px\"><span class=\"vc_empty_space_inner\"><\/span><\/div><h2 style=\"color: #283a86;text-align: center;font-family:Hammersmith One;font-weight:400;font-style:normal\" class=\"vc_custom_heading vc_do_custom_heading\" >RETOS DE LO GOBIERNO DE LOS DATOS<\/h2><div class=\"vc_separator wpb_content_element vc_separator_align_center vc_sep_width_100 vc_sep_border_width_3 vc_sep_pos_align_center vc_separator_no_text wpb_content_element  wpb_content_element wpb_animate_when_almost_visible wpb_fadeIn fadeIn wpb_animate_when_almost_visible wpb_fadeIn fadeIn\" ><span class=\"vc_sep_holder vc_sep_holder_l\"><span style=\"border-color:#283a86;\" class=\"vc_sep_line\"><\/span><\/span><span class=\"vc_sep_holder vc_sep_holder_r\"><span style=\"border-color:#283a86;\" class=\"vc_sep_line\"><\/span><\/span>\n<\/div><div class=\"vc_empty_space\"   style=\"height: 15px\"><span class=\"vc_empty_space_inner\"><\/span><\/div><div class=\"vc_row wpb_row vc_inner vc_row-fluid vc_row-o-content-middle vc_row-flex\"><div class=\"wpb_column vc_column_container vc_col-sm-6\"><div class=\"vc_column-inner\"><div class=\"wpb_wrapper\">\n\t<div  class=\"wpb_single_image wpb_content_element vc_align_center wpb_content_element\">\n\t\t\n\t\t<figure class=\"wpb_wrapper vc_figure\">\n\t\t\t<div class=\"vc_single_image-wrapper   vc_box_border_grey\"><img loading=\"lazy\" decoding=\"async\" width=\"550\" height=\"300\" src=\"https:\/\/orys.com.br\/wp-content\/uploads\/2022\/12\/desafios-governanca.png\" class=\"vc_single_image-img attachment-full\" alt=\"\" title=\"desafios-governanca\" srcset=\"https:\/\/orys.com.br\/wp-content\/uploads\/2022\/12\/desafios-governanca.png 550w, https:\/\/orys.com.br\/wp-content\/uploads\/2022\/12\/desafios-governanca-300x164.png 300w, https:\/\/orys.com.br\/wp-content\/uploads\/2022\/12\/desafios-governanca-260x142.png 260w, https:\/\/orys.com.br\/wp-content\/uploads\/2022\/12\/desafios-governanca-50x27.png 50w, https:\/\/orys.com.br\/wp-content\/uploads\/2022\/12\/desafios-governanca-138x75.png 138w\" sizes=\"auto, (max-width:767px) 480px, 550px\" \/><\/div>\n\t\t<\/figure>\n\t<\/div>\n<\/div><\/div><\/div><div class=\"wpb_column vc_column_container vc_col-sm-6\"><div class=\"vc_column-inner\"><div class=\"wpb_wrapper\">\n\t<div class=\"wpb_text_column wpb_content_element\" >\n\t\t<div class=\"wpb_wrapper\">\n\t\t\t<p>Mucho m\u00e1s importante que TENER los datos es saber de d\u00f3nde vienen, d\u00f3nde est\u00e1n y qui\u00e9n accede a ellos.<\/p>\n<p>Hoy en d\u00eda las empresas generan miles (en algunos casos millones) de datos cada d\u00eda.<\/p>\n<p>Podemos enumerar tres retos principales a los que se enfrentan las empresas en este sentido:<\/p>\n<ol>\n<li>Control eficaz de los distintos datos de la empresa;<\/li>\n<li>Problema con la seguridad de los datos;<\/li>\n<li>Calidad de los datos de varios sistemas.<\/li>\n<\/ol>\n\n\t\t<\/div>\n\t<\/div>\n<\/div><\/div><\/div><\/div><\/div><\/div><div class=\"vc_tta-panel\" id=\"solucao-de-governanca\" data-vc-content=\".vc_tta-panel-body\"><div class=\"vc_tta-panel-heading\"><h4 class=\"vc_tta-panel-title\"><a href=\"#solucao-de-governanca\" data-vc-accordion data-vc-container=\".vc_tta-container\"><i class=\"vc_tta-icon vc-oi vc-oi-lamp\"><\/i><span class=\"vc_tta-title-text\">Soluci\u00f3n de gobierno<\/span><\/a><\/h4><\/div><div class=\"vc_tta-panel-body\"><div class=\"vc_empty_space\"   style=\"height: 15px\"><span class=\"vc_empty_space_inner\"><\/span><\/div><h2 style=\"color: #283a86;text-align: center;font-family:Hammersmith One;font-weight:400;font-style:normal\" class=\"vc_custom_heading vc_do_custom_heading\" >CU\u00c1L ES LA SOLUCI\u00d3N DE GOBIERNO<\/h2><div class=\"vc_separator wpb_content_element vc_separator_align_center vc_sep_width_100 vc_sep_border_width_3 vc_sep_pos_align_center vc_separator_no_text wpb_content_element  wpb_content_element wpb_animate_when_almost_visible wpb_fadeIn fadeIn wpb_animate_when_almost_visible wpb_fadeIn fadeIn\" ><span class=\"vc_sep_holder vc_sep_holder_l\"><span style=\"border-color:#283a86;\" class=\"vc_sep_line\"><\/span><\/span><span class=\"vc_sep_holder vc_sep_holder_r\"><span style=\"border-color:#283a86;\" class=\"vc_sep_line\"><\/span><\/span>\n<\/div><div class=\"vc_empty_space\"   style=\"height: 15px\"><span class=\"vc_empty_space_inner\"><\/span><\/div><div class=\"vc_row wpb_row vc_inner vc_row-fluid vc_row-o-content-middle vc_row-flex\"><div class=\"wpb_column vc_column_container vc_col-sm-6\"><div class=\"vc_column-inner\"><div class=\"wpb_wrapper\">\n\t<div  class=\"wpb_single_image wpb_content_element vc_align_center wpb_content_element\">\n\t\t\n\t\t<figure class=\"wpb_wrapper vc_figure\">\n\t\t\t<div class=\"vc_single_image-wrapper   vc_box_border_grey\"><img loading=\"lazy\" decoding=\"async\" width=\"550\" height=\"300\" src=\"https:\/\/orys.com.br\/wp-content\/uploads\/2022\/12\/solucoes-governanca.png\" class=\"vc_single_image-img attachment-full\" alt=\"\" title=\"solucoes-governanca\" srcset=\"https:\/\/orys.com.br\/wp-content\/uploads\/2022\/12\/solucoes-governanca.png 550w, https:\/\/orys.com.br\/wp-content\/uploads\/2022\/12\/solucoes-governanca-300x164.png 300w, https:\/\/orys.com.br\/wp-content\/uploads\/2022\/12\/solucoes-governanca-260x142.png 260w, https:\/\/orys.com.br\/wp-content\/uploads\/2022\/12\/solucoes-governanca-50x27.png 50w, https:\/\/orys.com.br\/wp-content\/uploads\/2022\/12\/solucoes-governanca-138x75.png 138w\" sizes=\"auto, (max-width:767px) 480px, 550px\" \/><\/div>\n\t\t<\/figure>\n\t<\/div>\n<\/div><\/div><\/div><div class=\"wpb_column vc_column_container vc_col-sm-6\"><div class=\"vc_column-inner\"><div class=\"wpb_wrapper\">\n\t<div class=\"wpb_text_column wpb_content_element\" >\n\t\t<div class=\"wpb_wrapper\">\n\t\t\t<p>La soluci\u00f3n de gobierno aborda todos los retos a los que se enfrentan las empresas. Consta de:<\/p>\n<ul>\n<li>Consultor\u00eda empresarial y t\u00e9cnica para la elaboraci\u00f3n de procesos y pol\u00edticas;<\/li>\n<li>De acuerdo con los procesos y pol\u00edticas definidos, mapeamos todos los datos de la empresa (catalogaci\u00f3n);<\/li>\n<li>Mapeo de la vulnerabilidad de los datos (control de acceso y disponibilidad de la informaci\u00f3n);<\/li>\n<li>Enmascaramiento de datos &#8211; Generaci\u00f3n de bases de datos para pruebas con datos alterados (ficticios);<\/li>\n<li>Identificaci\u00f3n, priorizaci\u00f3n, tratamiento, enriquecimiento, consolidaci\u00f3n y seguimiento de los datos.<\/li>\n<\/ul>\n\n\t\t<\/div>\n\t<\/div>\n<\/div><\/div><\/div><\/div><\/div><\/div><div class=\"vc_tta-panel\" id=\"por-que-a-orys\" data-vc-content=\".vc_tta-panel-body\"><div class=\"vc_tta-panel-heading\"><h4 class=\"vc_tta-panel-title\"><a href=\"#por-que-a-orys\" data-vc-accordion data-vc-container=\".vc_tta-container\"><i class=\"vc_tta-icon fa fa-handshake-o\"><\/i><span class=\"vc_tta-title-text\">Por qu\u00e9 Orys<\/span><\/a><\/h4><\/div><div class=\"vc_tta-panel-body\"><div class=\"vc_empty_space\"   style=\"height: 15px\"><span class=\"vc_empty_space_inner\"><\/span><\/div><h2 style=\"color: #283a86;text-align: center;font-family:Hammersmith One;font-weight:400;font-style:normal\" class=\"vc_custom_heading vc_do_custom_heading\" >POR QU\u00c9 ORYS<\/h2><div class=\"vc_separator wpb_content_element vc_separator_align_center vc_sep_width_100 vc_sep_border_width_3 vc_sep_pos_align_center vc_separator_no_text wpb_content_element  wpb_content_element wpb_animate_when_almost_visible wpb_fadeIn fadeIn wpb_animate_when_almost_visible wpb_fadeIn fadeIn\" ><span class=\"vc_sep_holder vc_sep_holder_l\"><span style=\"border-color:#283a86;\" class=\"vc_sep_line\"><\/span><\/span><span class=\"vc_sep_holder vc_sep_holder_r\"><span style=\"border-color:#283a86;\" class=\"vc_sep_line\"><\/span><\/span>\n<\/div><div class=\"vc_empty_space\"   style=\"height: 15px\"><span class=\"vc_empty_space_inner\"><\/span><\/div><div class=\"vc_row wpb_row vc_inner vc_row-fluid vc_row-o-content-middle vc_row-flex\"><div class=\"wpb_column vc_column_container vc_col-sm-6\"><div class=\"vc_column-inner\"><div class=\"wpb_wrapper\">\n\t<div  class=\"wpb_single_image wpb_content_element vc_align_center wpb_content_element\">\n\t\t\n\t\t<figure class=\"wpb_wrapper vc_figure\">\n\t\t\t<div class=\"vc_single_image-wrapper   vc_box_border_grey\"><img loading=\"lazy\" decoding=\"async\" width=\"550\" height=\"300\" src=\"https:\/\/orys.com.br\/wp-content\/uploads\/2022\/12\/imagem-produtos-orys.png\" class=\"vc_single_image-img attachment-full\" alt=\"\" title=\"imagem-produtos-orys\" srcset=\"https:\/\/orys.com.br\/wp-content\/uploads\/2022\/12\/imagem-produtos-orys.png 550w, https:\/\/orys.com.br\/wp-content\/uploads\/2022\/12\/imagem-produtos-orys-300x164.png 300w, https:\/\/orys.com.br\/wp-content\/uploads\/2022\/12\/imagem-produtos-orys-260x142.png 260w, https:\/\/orys.com.br\/wp-content\/uploads\/2022\/12\/imagem-produtos-orys-50x27.png 50w, https:\/\/orys.com.br\/wp-content\/uploads\/2022\/12\/imagem-produtos-orys-138x75.png 138w\" sizes=\"auto, (max-width:767px) 480px, 550px\" \/><\/div>\n\t\t<\/figure>\n\t<\/div>\n<\/div><\/div><\/div><div class=\"wpb_column vc_column_container vc_col-sm-6\"><div class=\"vc_column-inner\"><div class=\"wpb_wrapper\">\n\t<div class=\"wpb_text_column wpb_content_element\" >\n\t\t<div class=\"wpb_wrapper\">\n\t\t\t<p>Somos una empresa especializada en todo lo relacionado con los datos.<br \/>\nEn cuanto a lo gobierno:<\/p>\n<ul>\n<li>Trabajamos con soluciones desarrolladas exclusivamente para lo gobierno de datos;<\/li>\n<li>Soluciones l\u00edderes en el Cuadrante M\u00e1gico de Gartner;<\/li>\n<li>No requiere programaci\u00f3n;<\/li>\n<li>Tenemos m\u00e1s de 15 a\u00f1os de experiencia en proyectos de integraci\u00f3n de datos.<\/li>\n<\/ul>\n\n\t\t<\/div>\n\t<\/div>\n<\/div><\/div><\/div><\/div><\/div><\/div><\/div><\/div><\/div><\/div><\/div><\/div><\/div><\/div><div class=\"vc_row-full-width vc_clearfix\"><\/div>\n<\/div>","protected":false},"excerpt":{"rendered":"Retos de lo gobiernoSoluci\u00f3n de gobiernoPor qu\u00e9 OrysRetos de lo gobiernoRETOS DE LO GOBIERNO DE LOS DATOS Mucho m\u00e1s importante que TENER los datos es saber de d\u00f3nde vienen, d\u00f3nde est\u00e1n y qui\u00e9n accede a ellos. Hoy en d\u00eda las empresas generan miles (en algunos casos millones) de datos cada<span class=\"excerpt-hellip\"> [\u2026]<\/span>","protected":false},"author":11,"featured_media":0,"parent":0,"menu_order":0,"comment_status":"closed","ping_status":"closed","template":"","meta":{"footnotes":""},"class_list":["post-2259","page","type-page","status-publish","hentry"],"_links":{"self":[{"href":"https:\/\/orys.com.br\/es\/wp-json\/wp\/v2\/pages\/2259","targetHints":{"allow":["GET"]}}],"collection":[{"href":"https:\/\/orys.com.br\/es\/wp-json\/wp\/v2\/pages"}],"about":[{"href":"https:\/\/orys.com.br\/es\/wp-json\/wp\/v2\/types\/page"}],"author":[{"embeddable":true,"href":"https:\/\/orys.com.br\/es\/wp-json\/wp\/v2\/users\/11"}],"replies":[{"embeddable":true,"href":"https:\/\/orys.com.br\/es\/wp-json\/wp\/v2\/comments?post=2259"}],"version-history":[{"count":5,"href":"https:\/\/orys.com.br\/es\/wp-json\/wp\/v2\/pages\/2259\/revisions"}],"predecessor-version":[{"id":3385,"href":"https:\/\/orys.com.br\/es\/wp-json\/wp\/v2\/pages\/2259\/revisions\/3385"}],"wp:attachment":[{"href":"https:\/\/orys.com.br\/es\/wp-json\/wp\/v2\/media?parent=2259"}],"curies":[{"name":"wp","href":"https:\/\/api.w.org\/{rel}","templated":true}]}}