{"id":2273,"date":"2019-05-14T15:05:31","date_gmt":"2019-05-14T18:05:31","guid":{"rendered":"https:\/\/orys.com.br\/seguridad-de-los-datos\/"},"modified":"2023-01-05T11:23:46","modified_gmt":"2023-01-05T14:23:46","slug":"seguridad-de-datos","status":"publish","type":"page","link":"https:\/\/orys.com.br\/es\/seguridad-de-datos\/","title":{"rendered":"Seguridad de los datos"},"content":{"rendered":"<div class=\"wpb-content-wrapper\"><div data-vc-full-width=\"true\" data-vc-full-width-temp=\"true\" data-vc-full-width-init=\"false\" class=\"vc_row wpb_row vc_row-fluid vc_custom_1671717778932 vc_row-has-fill\"><div class=\"wpb_column vc_column_container vc_col-sm-12\"><div class=\"vc_column-inner\"><div class=\"wpb_wrapper\"><div class=\"vc_tta-container\" data-vc-action=\"collapse\"><div class=\"vc_general vc_tta vc_tta-tabs vc_tta-color-grey vc_tta-style-modern vc_tta-shape-rounded vc_tta-spacing-15 vc_tta-tabs-position-top vc_tta-controls-align-center vc_custom_1556900051125\"><div class=\"vc_tta-tabs-container\"><ul class=\"vc_tta-tabs-list\" role=\"tablist\"><li class=\"vc_tta-tab vc_active\" data-vc-tab role=\"presentation\"><a href=\"#desafios-da-seguranca\" data-vc-tabs data-vc-container=\".vc_tta\" role=\"tab\" aria-selected=\"false\" id=\"tab-desafios-da-seguranca\"><i class=\"vc_tta-icon fa fa-puzzle-piece\"><\/i><span class=\"vc_tta-title-text\">Retos de seguridad<\/span><\/a><\/li><li class=\"vc_tta-tab\" data-vc-tab role=\"presentation\"><a href=\"#solucao-de-seguranca\" data-vc-tabs data-vc-container=\".vc_tta\" role=\"tab\" aria-selected=\"false\" id=\"tab-solucao-de-seguranca\"><i class=\"vc_tta-icon vc-oi vc-oi-lamp\"><\/i><span class=\"vc_tta-title-text\">Soluci\u00f3n de seguridad<\/span><\/a><\/li><li class=\"vc_tta-tab\" data-vc-tab role=\"presentation\"><a href=\"#por-que-a-orys\" data-vc-tabs data-vc-container=\".vc_tta\" role=\"tab\" aria-selected=\"false\" id=\"tab-por-que-a-orys\"><i class=\"vc_tta-icon fa fa-handshake-o\"><\/i><span class=\"vc_tta-title-text\">Por qu\u00e9 Orys<\/span><\/a><\/li><\/ul><\/div><div class=\"vc_tta-panels-container\"><div class=\"vc_tta-panels\"><div class=\"vc_tta-panel vc_active\" id=\"desafios-da-seguranca\" data-vc-content=\".vc_tta-panel-body\"><div class=\"vc_tta-panel-heading\"><h4 class=\"vc_tta-panel-title\"><a href=\"#desafios-da-seguranca\" data-vc-accordion data-vc-container=\".vc_tta-container\"><i class=\"vc_tta-icon fa fa-puzzle-piece\"><\/i><span class=\"vc_tta-title-text\">Retos de seguridad<\/span><\/a><\/h4><\/div><div class=\"vc_tta-panel-body\"><div class=\"vc_empty_space\"   style=\"height: 15px\"><span class=\"vc_empty_space_inner\"><\/span><\/div><h2 style=\"color: #283a86;text-align: center;font-family:Hammersmith One;font-weight:400;font-style:normal\" class=\"vc_custom_heading vc_do_custom_heading\" >RETOS DE SEGURIDAD DE LOS DATOS<\/h2><div class=\"vc_separator wpb_content_element vc_separator_align_center vc_sep_width_100 vc_sep_border_width_3 vc_sep_pos_align_center vc_separator_no_text wpb_content_element  wpb_content_element wpb_animate_when_almost_visible wpb_fadeIn fadeIn wpb_animate_when_almost_visible wpb_fadeIn fadeIn\" ><span class=\"vc_sep_holder vc_sep_holder_l\"><span style=\"border-color:#283a86;\" class=\"vc_sep_line\"><\/span><\/span><span class=\"vc_sep_holder vc_sep_holder_r\"><span style=\"border-color:#283a86;\" class=\"vc_sep_line\"><\/span><\/span>\n<\/div><div class=\"vc_empty_space\"   style=\"height: 15px\"><span class=\"vc_empty_space_inner\"><\/span><\/div><div class=\"vc_row wpb_row vc_inner vc_row-fluid vc_row-o-content-middle vc_row-flex\"><div class=\"wpb_column vc_column_container vc_col-sm-6\"><div class=\"vc_column-inner\"><div class=\"wpb_wrapper\">\n\t<div  class=\"wpb_single_image wpb_content_element vc_align_center wpb_content_element\">\n\t\t\n\t\t<figure class=\"wpb_wrapper vc_figure\">\n\t\t\t<div class=\"vc_single_image-wrapper   vc_box_border_grey\"><img loading=\"lazy\" decoding=\"async\" width=\"550\" height=\"300\" src=\"https:\/\/orys.com.br\/wp-content\/uploads\/2022\/12\/desafios-seguranca.png\" class=\"vc_single_image-img attachment-full\" alt=\"\" title=\"desafios-seguranca\" srcset=\"https:\/\/orys.com.br\/wp-content\/uploads\/2022\/12\/desafios-seguranca.png 550w, https:\/\/orys.com.br\/wp-content\/uploads\/2022\/12\/desafios-seguranca-300x164.png 300w, https:\/\/orys.com.br\/wp-content\/uploads\/2022\/12\/desafios-seguranca-260x142.png 260w, https:\/\/orys.com.br\/wp-content\/uploads\/2022\/12\/desafios-seguranca-50x27.png 50w, https:\/\/orys.com.br\/wp-content\/uploads\/2022\/12\/desafios-seguranca-138x75.png 138w\" sizes=\"auto, (max-width:767px) 480px, 550px\" \/><\/div>\n\t\t<\/figure>\n\t<\/div>\n<\/div><\/div><\/div><div class=\"wpb_column vc_column_container vc_col-sm-6\"><div class=\"vc_column-inner\"><div class=\"wpb_wrapper\">\n\t<div class=\"wpb_text_column wpb_content_element\" >\n\t\t<div class=\"wpb_wrapper\">\n\t\t\t<p>Todos los d\u00edas nos encontramos con noticias sobre filtraciones de datos que afectan directamente a la credibilidad y la rentabilidad de las empresas.<\/p>\n<p>La dificultad en la gesti\u00f3n de los accesos, los niveles de alteraci\u00f3n y la fuga de datos cr\u00edticos son algunos de los principales puntos de atenci\u00f3n en las empresas. Adem\u00e1s, las empresas a\u00fan deben preocuparse por adaptarse a la nueva Ley General de Protecci\u00f3n de Datos (LGPD).<\/p>\n<p>Podemos enumerar tres retos principales a los que se enfrentan actualmente las empresas en lo que respecta a la <strong>seguridad de los datos<\/strong>:<\/p>\n<ol>\n<li>Evite que los datos de la empresa caigan en manos equivocadas;<\/li>\n<li>Falta de control del nivel de acceso;<\/li>\n<li>Aplicaci\u00f3n de herramientas y procesos para el cumplimiento de la LGPD.<\/li>\n<\/ol>\n\n\t\t<\/div>\n\t<\/div>\n<\/div><\/div><\/div><\/div><\/div><\/div><div class=\"vc_tta-panel\" id=\"solucao-de-seguranca\" data-vc-content=\".vc_tta-panel-body\"><div class=\"vc_tta-panel-heading\"><h4 class=\"vc_tta-panel-title\"><a href=\"#solucao-de-seguranca\" data-vc-accordion data-vc-container=\".vc_tta-container\"><i class=\"vc_tta-icon vc-oi vc-oi-lamp\"><\/i><span class=\"vc_tta-title-text\">Soluci\u00f3n de seguridad<\/span><\/a><\/h4><\/div><div class=\"vc_tta-panel-body\"><div class=\"vc_empty_space\"   style=\"height: 15px\"><span class=\"vc_empty_space_inner\"><\/span><\/div><h2 style=\"color: #283a86;text-align: center;font-family:Hammersmith One;font-weight:400;font-style:normal\" class=\"vc_custom_heading vc_do_custom_heading\" >CU\u00c1L ES LA SOLUCI\u00d3N DE SEGURIDAD<\/h2><div class=\"vc_separator wpb_content_element vc_separator_align_center vc_sep_width_100 vc_sep_border_width_3 vc_sep_pos_align_center vc_separator_no_text wpb_content_element  wpb_content_element wpb_animate_when_almost_visible wpb_fadeIn fadeIn wpb_animate_when_almost_visible wpb_fadeIn fadeIn\" ><span class=\"vc_sep_holder vc_sep_holder_l\"><span style=\"border-color:#283a86;\" class=\"vc_sep_line\"><\/span><\/span><span class=\"vc_sep_holder vc_sep_holder_r\"><span style=\"border-color:#283a86;\" class=\"vc_sep_line\"><\/span><\/span>\n<\/div><div class=\"vc_empty_space\"   style=\"height: 15px\"><span class=\"vc_empty_space_inner\"><\/span><\/div><div class=\"vc_row wpb_row vc_inner vc_row-fluid vc_row-o-content-middle vc_row-flex\"><div class=\"wpb_column vc_column_container vc_col-sm-6\"><div class=\"vc_column-inner\"><div class=\"wpb_wrapper\">\n\t<div  class=\"wpb_single_image wpb_content_element vc_align_center wpb_content_element\">\n\t\t\n\t\t<figure class=\"wpb_wrapper vc_figure\">\n\t\t\t<div class=\"vc_single_image-wrapper   vc_box_border_grey\"><img loading=\"lazy\" decoding=\"async\" width=\"550\" height=\"300\" src=\"https:\/\/orys.com.br\/wp-content\/uploads\/2022\/12\/solucoes-seguranca.png\" class=\"vc_single_image-img attachment-full\" alt=\"\" title=\"solucoes-seguranca\" srcset=\"https:\/\/orys.com.br\/wp-content\/uploads\/2022\/12\/solucoes-seguranca.png 550w, https:\/\/orys.com.br\/wp-content\/uploads\/2022\/12\/solucoes-seguranca-300x164.png 300w, https:\/\/orys.com.br\/wp-content\/uploads\/2022\/12\/solucoes-seguranca-260x142.png 260w, https:\/\/orys.com.br\/wp-content\/uploads\/2022\/12\/solucoes-seguranca-50x27.png 50w, https:\/\/orys.com.br\/wp-content\/uploads\/2022\/12\/solucoes-seguranca-138x75.png 138w\" sizes=\"auto, (max-width:767px) 480px, 550px\" \/><\/div>\n\t\t<\/figure>\n\t<\/div>\n<\/div><\/div><\/div><div class=\"wpb_column vc_column_container vc_col-sm-6\"><div class=\"vc_column-inner\"><div class=\"wpb_wrapper\">\n\t<div class=\"wpb_text_column wpb_content_element\" >\n\t\t<div class=\"wpb_wrapper\">\n\t\t\t<p>La soluci\u00f3n de seguridad aborda todos los retos a los que se enfrentan las empresas. Consta de:<\/p>\n<ul>\n<li>Consultor\u00eda especializada en la cartograf\u00eda de los riesgos de la informaci\u00f3n;<\/li>\n<li>Identificaci\u00f3n de las vulnerabilidades de los datos en las distintas fuentes de datos;<\/li>\n<li>Identificaci\u00f3n y clasificaci\u00f3n de los niveles de riesgo;<\/li>\n<li>Enmascaramiento de datos con reglas ya definidas por la herramienta de acuerdo con la LGPD.<\/li>\n<\/ul>\n\n\t\t<\/div>\n\t<\/div>\n<\/div><\/div><\/div><\/div><\/div><\/div><div class=\"vc_tta-panel\" id=\"por-que-a-orys\" data-vc-content=\".vc_tta-panel-body\"><div class=\"vc_tta-panel-heading\"><h4 class=\"vc_tta-panel-title\"><a href=\"#por-que-a-orys\" data-vc-accordion data-vc-container=\".vc_tta-container\"><i class=\"vc_tta-icon fa fa-handshake-o\"><\/i><span class=\"vc_tta-title-text\">Por qu\u00e9 Orys<\/span><\/a><\/h4><\/div><div class=\"vc_tta-panel-body\"><div class=\"vc_empty_space\"   style=\"height: 15px\"><span class=\"vc_empty_space_inner\"><\/span><\/div><h2 style=\"color: #283a86;text-align: center;font-family:Hammersmith One;font-weight:400;font-style:normal\" class=\"vc_custom_heading vc_do_custom_heading\" >POR QU\u00c9 ORYS<\/h2><div class=\"vc_separator wpb_content_element vc_separator_align_center vc_sep_width_100 vc_sep_border_width_3 vc_sep_pos_align_center vc_separator_no_text wpb_content_element  wpb_content_element wpb_animate_when_almost_visible wpb_fadeIn fadeIn wpb_animate_when_almost_visible wpb_fadeIn fadeIn\" ><span class=\"vc_sep_holder vc_sep_holder_l\"><span style=\"border-color:#283a86;\" class=\"vc_sep_line\"><\/span><\/span><span class=\"vc_sep_holder vc_sep_holder_r\"><span style=\"border-color:#283a86;\" class=\"vc_sep_line\"><\/span><\/span>\n<\/div><div class=\"vc_empty_space\"   style=\"height: 15px\"><span class=\"vc_empty_space_inner\"><\/span><\/div><div class=\"vc_row wpb_row vc_inner vc_row-fluid vc_row-o-content-middle vc_row-flex\"><div class=\"wpb_column vc_column_container vc_col-sm-6\"><div class=\"vc_column-inner\"><div class=\"wpb_wrapper\">\n\t<div  class=\"wpb_single_image wpb_content_element vc_align_center wpb_content_element\">\n\t\t\n\t\t<figure class=\"wpb_wrapper vc_figure\">\n\t\t\t<div class=\"vc_single_image-wrapper   vc_box_border_grey\"><img loading=\"lazy\" decoding=\"async\" width=\"550\" height=\"300\" src=\"https:\/\/orys.com.br\/wp-content\/uploads\/2022\/12\/imagem-produtos-orys.png\" class=\"vc_single_image-img attachment-full\" alt=\"\" title=\"imagem-produtos-orys\" srcset=\"https:\/\/orys.com.br\/wp-content\/uploads\/2022\/12\/imagem-produtos-orys.png 550w, https:\/\/orys.com.br\/wp-content\/uploads\/2022\/12\/imagem-produtos-orys-300x164.png 300w, https:\/\/orys.com.br\/wp-content\/uploads\/2022\/12\/imagem-produtos-orys-260x142.png 260w, https:\/\/orys.com.br\/wp-content\/uploads\/2022\/12\/imagem-produtos-orys-50x27.png 50w, https:\/\/orys.com.br\/wp-content\/uploads\/2022\/12\/imagem-produtos-orys-138x75.png 138w\" sizes=\"auto, (max-width:767px) 480px, 550px\" \/><\/div>\n\t\t<\/figure>\n\t<\/div>\n<\/div><\/div><\/div><div class=\"wpb_column vc_column_container vc_col-sm-6\"><div class=\"vc_column-inner\"><div class=\"wpb_wrapper\">\n\t<div class=\"wpb_text_column wpb_content_element\" >\n\t\t<div class=\"wpb_wrapper\">\n\t\t\t<p>Somos una empresa especializada en todo lo relacionado con los datos.<br \/>\nEn cuanto a la seguridad:<\/p>\n<ul>\n<li>Trabajamos con soluciones desarrolladas exclusivamente para abordar la seguridad de los datos;<\/li>\n<li>Soluciones l\u00edderes en el Cuadrante M\u00e1gico de Gartner;<\/li>\n<li>No requiere programaci\u00f3n;<\/li>\n<li>Tenemos m\u00e1s de 15 a\u00f1os de experiencia en proyectos de integraci\u00f3n de datos.<\/li>\n<\/ul>\n\n\t\t<\/div>\n\t<\/div>\n<\/div><\/div><\/div><\/div><\/div><\/div><\/div><\/div><\/div><\/div><\/div><\/div><\/div><\/div><div class=\"vc_row-full-width vc_clearfix\"><\/div>\n<\/div>","protected":false},"excerpt":{"rendered":"Retos de seguridadSoluci\u00f3n de seguridadPor qu\u00e9 OrysRetos de seguridadRETOS DE SEGURIDAD DE LOS DATOS Todos los d\u00edas nos encontramos con noticias sobre filtraciones de datos que afectan directamente a la credibilidad y la rentabilidad de las empresas. La dificultad en la gesti\u00f3n de los accesos, los niveles de alteraci\u00f3n y<span class=\"excerpt-hellip\"> [\u2026]<\/span>","protected":false},"author":11,"featured_media":0,"parent":0,"menu_order":0,"comment_status":"closed","ping_status":"closed","template":"","meta":{"footnotes":""},"class_list":["post-2273","page","type-page","status-publish","hentry"],"_links":{"self":[{"href":"https:\/\/orys.com.br\/es\/wp-json\/wp\/v2\/pages\/2273","targetHints":{"allow":["GET"]}}],"collection":[{"href":"https:\/\/orys.com.br\/es\/wp-json\/wp\/v2\/pages"}],"about":[{"href":"https:\/\/orys.com.br\/es\/wp-json\/wp\/v2\/types\/page"}],"author":[{"embeddable":true,"href":"https:\/\/orys.com.br\/es\/wp-json\/wp\/v2\/users\/11"}],"replies":[{"embeddable":true,"href":"https:\/\/orys.com.br\/es\/wp-json\/wp\/v2\/comments?post=2273"}],"version-history":[{"count":5,"href":"https:\/\/orys.com.br\/es\/wp-json\/wp\/v2\/pages\/2273\/revisions"}],"predecessor-version":[{"id":3340,"href":"https:\/\/orys.com.br\/es\/wp-json\/wp\/v2\/pages\/2273\/revisions\/3340"}],"wp:attachment":[{"href":"https:\/\/orys.com.br\/es\/wp-json\/wp\/v2\/media?parent=2273"}],"curies":[{"name":"wp","href":"https:\/\/api.w.org\/{rel}","templated":true}]}}