{"id":2529,"date":"2022-12-14T17:02:55","date_gmt":"2022-12-14T20:02:55","guid":{"rendered":"https:\/\/orys.com.br\/?page_id=2529"},"modified":"2023-01-04T13:00:50","modified_gmt":"2023-01-04T16:00:50","slug":"negocio","status":"publish","type":"page","link":"https:\/\/orys.com.br\/es\/negocio\/","title":{"rendered":"Negocios"},"content":{"rendered":"<div class=\"wpb-content-wrapper\"><div data-vc-full-width=\"true\" data-vc-full-width-temp=\"true\" data-vc-full-width-init=\"false\" class=\"vc_row wpb_row vc_row-fluid vc_custom_1671633569168 vc_row-has-fill\"><div class=\"wpb_column vc_column_container vc_col-sm-12\"><div class=\"vc_column-inner\"><div class=\"wpb_wrapper\"><div class=\"vc_tta-container\" data-vc-action=\"collapse\"><div class=\"vc_general vc_tta vc_tta-tabs vc_tta-color-grey vc_tta-style-modern vc_tta-shape-rounded vc_tta-spacing-15 vc_tta-tabs-position-top vc_tta-controls-align-center vc_custom_1556900051125\"><div class=\"vc_tta-tabs-container\"><ul class=\"vc_tta-tabs-list\" role=\"tablist\"><li class=\"vc_tta-tab vc_active\" data-vc-tab role=\"presentation\"><a href=\"#desafios-do-negocio\" data-vc-tabs data-vc-container=\".vc_tta\" role=\"tab\" aria-selected=\"false\" id=\"tab-desafios-do-negocio\"><i class=\"vc_tta-icon fas fa-puzzle-piece\"><\/i><span class=\"vc_tta-title-text\">Retos empresariales<\/span><\/a><\/li><li class=\"vc_tta-tab\" data-vc-tab role=\"presentation\"><a href=\"#solucao-de-integracao\" data-vc-tabs data-vc-container=\".vc_tta\" role=\"tab\" aria-selected=\"false\" id=\"tab-solucao-de-integracao\"><i class=\"vc_tta-icon vc-oi vc-oi-lamp\"><\/i><span class=\"vc_tta-title-text\">Soluci\u00f3n empresarial<\/span><\/a><\/li><li class=\"vc_tta-tab\" data-vc-tab role=\"presentation\"><a href=\"#por-que-a-orys\" data-vc-tabs data-vc-container=\".vc_tta\" role=\"tab\" aria-selected=\"false\" id=\"tab-por-que-a-orys\"><i class=\"vc_tta-icon fa fa-handshake-o\"><\/i><span class=\"vc_tta-title-text\">Por qu\u00e9 Orys<\/span><\/a><\/li><\/ul><\/div><div class=\"vc_tta-panels-container\"><div class=\"vc_tta-panels\"><div class=\"vc_tta-panel vc_active\" id=\"desafios-do-negocio\" data-vc-content=\".vc_tta-panel-body\"><div class=\"vc_tta-panel-heading\"><h4 class=\"vc_tta-panel-title\"><a href=\"#desafios-do-negocio\" data-vc-accordion data-vc-container=\".vc_tta-container\"><i class=\"vc_tta-icon fas fa-puzzle-piece\"><\/i><span class=\"vc_tta-title-text\">Retos empresariales<\/span><\/a><\/h4><\/div><div class=\"vc_tta-panel-body\"><div class=\"vc_empty_space\"   style=\"height: 15px\"><span class=\"vc_empty_space_inner\"><\/span><\/div><h2 style=\"color: #283a86;text-align: center;font-family:Open Sans;font-weight:700;font-style:normal\" class=\"vc_custom_heading vc_do_custom_heading\" >RETOS EMPRESARIALES<\/h2><div class=\"vc_separator wpb_content_element vc_separator_align_center vc_sep_width_100 vc_sep_border_width_3 vc_sep_pos_align_center vc_separator_no_text wpb_content_element  wpb_content_element wpb_animate_when_almost_visible wpb_fadeIn fadeIn wpb_animate_when_almost_visible wpb_fadeIn fadeIn\" ><span class=\"vc_sep_holder vc_sep_holder_l\"><span style=\"border-color:#283a86;\" class=\"vc_sep_line\"><\/span><\/span><span class=\"vc_sep_holder vc_sep_holder_r\"><span style=\"border-color:#283a86;\" class=\"vc_sep_line\"><\/span><\/span>\n<\/div><div class=\"vc_empty_space\"   style=\"height: 15px\"><span class=\"vc_empty_space_inner\"><\/span><\/div><div class=\"vc_row wpb_row vc_inner vc_row-fluid vc_row-o-content-middle vc_row-flex\"><div class=\"wpb_column vc_column_container vc_col-sm-6\"><div class=\"vc_column-inner\"><div class=\"wpb_wrapper\">\n\t<div  class=\"wpb_single_image wpb_content_element vc_align_center wpb_content_element\">\n\t\t\n\t\t<figure class=\"wpb_wrapper vc_figure\">\n\t\t\t<div class=\"vc_single_image-wrapper   vc_box_border_grey\"><img loading=\"lazy\" decoding=\"async\" width=\"550\" height=\"300\" src=\"https:\/\/orys.com.br\/wp-content\/uploads\/2022\/12\/imagem-desafios-negocios.png\" class=\"vc_single_image-img attachment-full\" alt=\"\" title=\"imagem-desafios-negocios\" srcset=\"https:\/\/orys.com.br\/wp-content\/uploads\/2022\/12\/imagem-desafios-negocios.png 550w, https:\/\/orys.com.br\/wp-content\/uploads\/2022\/12\/imagem-desafios-negocios-300x164.png 300w, https:\/\/orys.com.br\/wp-content\/uploads\/2022\/12\/imagem-desafios-negocios-260x142.png 260w, https:\/\/orys.com.br\/wp-content\/uploads\/2022\/12\/imagem-desafios-negocios-50x27.png 50w, https:\/\/orys.com.br\/wp-content\/uploads\/2022\/12\/imagem-desafios-negocios-138x75.png 138w\" sizes=\"auto, (max-width:767px) 480px, 550px\" \/><\/div>\n\t\t<\/figure>\n\t<\/div>\n<\/div><\/div><\/div><div class=\"wpb_column vc_column_container vc_col-sm-6\"><div class=\"vc_column-inner\"><div class=\"wpb_wrapper\">\n\t<div class=\"wpb_text_column wpb_content_element\" >\n\t\t<div class=\"wpb_wrapper\">\n\t\t\t<p>El mayor reto con cualquier metodolog\u00eda que se quiera explorar es la fase de descubrimiento\/empat\u00eda.<br \/>\nEn esta fase inicial, la falta de madurez requiere afinar la informaci\u00f3n coherente sin eliminar prematuramente las soluciones cr\u00edticas.<br \/>\nLa primera etapa resulta ser la m\u00e1s dif\u00edcil de todo el desarrollo, esto se debe a que implica tomar decisiones importantes en el contexto del aprendizaje y el conocimiento.<\/p>\n\n\t\t<\/div>\n\t<\/div>\n<\/div><\/div><\/div><\/div><\/div><\/div><div class=\"vc_tta-panel\" id=\"solucao-de-integracao\" data-vc-content=\".vc_tta-panel-body\"><div class=\"vc_tta-panel-heading\"><h4 class=\"vc_tta-panel-title\"><a href=\"#solucao-de-integracao\" data-vc-accordion data-vc-container=\".vc_tta-container\"><i class=\"vc_tta-icon vc-oi vc-oi-lamp\"><\/i><span class=\"vc_tta-title-text\">Soluci\u00f3n empresarial<\/span><\/a><\/h4><\/div><div class=\"vc_tta-panel-body\"><div class=\"vc_empty_space\"   style=\"height: 15px\"><span class=\"vc_empty_space_inner\"><\/span><\/div><h2 style=\"color: #283a86;text-align: center;font-family:Open Sans;font-weight:700;font-style:normal\" class=\"vc_custom_heading vc_do_custom_heading\" >SOLUCI\u00d3N EMPRESARIAL<\/h2><div class=\"vc_separator wpb_content_element vc_separator_align_center vc_sep_width_100 vc_sep_border_width_3 vc_sep_pos_align_center vc_separator_no_text wpb_content_element  wpb_content_element wpb_animate_when_almost_visible wpb_fadeIn fadeIn wpb_animate_when_almost_visible wpb_fadeIn fadeIn\" ><span class=\"vc_sep_holder vc_sep_holder_l\"><span style=\"border-color:#283a86;\" class=\"vc_sep_line\"><\/span><\/span><span class=\"vc_sep_holder vc_sep_holder_r\"><span style=\"border-color:#283a86;\" class=\"vc_sep_line\"><\/span><\/span>\n<\/div><div class=\"vc_empty_space\"   style=\"height: 15px\"><span class=\"vc_empty_space_inner\"><\/span><\/div><div class=\"vc_row wpb_row vc_inner vc_row-fluid vc_row-o-content-middle vc_row-flex\"><div class=\"wpb_column vc_column_container vc_col-sm-6\"><div class=\"vc_column-inner\"><div class=\"wpb_wrapper\">\n\t<div  class=\"wpb_single_image wpb_content_element vc_align_center wpb_content_element\">\n\t\t\n\t\t<figure class=\"wpb_wrapper vc_figure\">\n\t\t\t<div class=\"vc_single_image-wrapper   vc_box_border_grey\"><img loading=\"lazy\" decoding=\"async\" width=\"550\" height=\"300\" src=\"https:\/\/orys.com.br\/wp-content\/uploads\/2022\/12\/imagem-produtos-orys-2.png\" class=\"vc_single_image-img attachment-full\" alt=\"\" title=\"imagem-produtos-orys-2\" srcset=\"https:\/\/orys.com.br\/wp-content\/uploads\/2022\/12\/imagem-produtos-orys-2.png 550w, https:\/\/orys.com.br\/wp-content\/uploads\/2022\/12\/imagem-produtos-orys-2-300x164.png 300w, https:\/\/orys.com.br\/wp-content\/uploads\/2022\/12\/imagem-produtos-orys-2-260x142.png 260w, https:\/\/orys.com.br\/wp-content\/uploads\/2022\/12\/imagem-produtos-orys-2-50x27.png 50w, https:\/\/orys.com.br\/wp-content\/uploads\/2022\/12\/imagem-produtos-orys-2-138x75.png 138w\" sizes=\"auto, (max-width:767px) 480px, 550px\" \/><\/div>\n\t\t<\/figure>\n\t<\/div>\n<\/div><\/div><\/div><div class=\"wpb_column vc_column_container vc_col-sm-6\"><div class=\"vc_column-inner\"><div class=\"wpb_wrapper\">\n\t<div class=\"wpb_text_column wpb_content_element\" >\n\t\t<div class=\"wpb_wrapper\">\n\t\t\t<p>Una de las cuestiones que saltan a la vista es que no existe una receta milagrosa para conseguir el mejor servicio de atenci\u00f3n al cliente\/empresa.<br \/>\nQuiz\u00e1s, una de las mayores dificultades a la hora de entender al cliente\/negocio es hasta qu\u00e9 punto se profundiza en la comprensi\u00f3n del problema (fase de descubrimiento).<br \/>\nNo basta con analizar la punta del iceberg y crear soluciones superficiales, es esencial comprender las necesidades reales del cliente\/empresa para ofrecer la mejor soluci\u00f3n.<\/p>\n\n\t\t<\/div>\n\t<\/div>\n<\/div><\/div><\/div><\/div><\/div><\/div><div class=\"vc_tta-panel\" id=\"por-que-a-orys\" data-vc-content=\".vc_tta-panel-body\"><div class=\"vc_tta-panel-heading\"><h4 class=\"vc_tta-panel-title\"><a href=\"#por-que-a-orys\" data-vc-accordion data-vc-container=\".vc_tta-container\"><i class=\"vc_tta-icon fa fa-handshake-o\"><\/i><span class=\"vc_tta-title-text\">Por qu\u00e9 Orys<\/span><\/a><\/h4><\/div><div class=\"vc_tta-panel-body\"><div class=\"vc_empty_space\"   style=\"height: 15px\"><span class=\"vc_empty_space_inner\"><\/span><\/div><h2 style=\"color: #283a86;text-align: center;font-family:Open Sans;font-weight:700;font-style:normal\" class=\"vc_custom_heading vc_do_custom_heading\" >POR QU\u00c9 ORYS<\/h2><div class=\"vc_separator wpb_content_element vc_separator_align_center vc_sep_width_100 vc_sep_border_width_3 vc_sep_pos_align_center vc_separator_no_text wpb_content_element  wpb_content_element wpb_animate_when_almost_visible wpb_fadeIn fadeIn wpb_animate_when_almost_visible wpb_fadeIn fadeIn\" ><span class=\"vc_sep_holder vc_sep_holder_l\"><span style=\"border-color:#283a86;\" class=\"vc_sep_line\"><\/span><\/span><span class=\"vc_sep_holder vc_sep_holder_r\"><span style=\"border-color:#283a86;\" class=\"vc_sep_line\"><\/span><\/span>\n<\/div><div class=\"vc_empty_space\"   style=\"height: 15px\"><span class=\"vc_empty_space_inner\"><\/span><\/div><div class=\"vc_row wpb_row vc_inner vc_row-fluid vc_row-o-content-middle vc_row-flex\"><div class=\"wpb_column vc_column_container vc_col-sm-6\"><div class=\"vc_column-inner\"><div class=\"wpb_wrapper\">\n\t<div  class=\"wpb_single_image wpb_content_element vc_align_center wpb_content_element\">\n\t\t\n\t\t<figure class=\"wpb_wrapper vc_figure\">\n\t\t\t<div class=\"vc_single_image-wrapper   vc_box_border_grey\"><img loading=\"lazy\" decoding=\"async\" width=\"550\" height=\"300\" src=\"https:\/\/orys.com.br\/wp-content\/uploads\/2022\/12\/imagem-produtos-orys.png\" class=\"vc_single_image-img attachment-full\" alt=\"\" title=\"imagem-produtos-orys\" srcset=\"https:\/\/orys.com.br\/wp-content\/uploads\/2022\/12\/imagem-produtos-orys.png 550w, https:\/\/orys.com.br\/wp-content\/uploads\/2022\/12\/imagem-produtos-orys-300x164.png 300w, https:\/\/orys.com.br\/wp-content\/uploads\/2022\/12\/imagem-produtos-orys-260x142.png 260w, https:\/\/orys.com.br\/wp-content\/uploads\/2022\/12\/imagem-produtos-orys-50x27.png 50w, https:\/\/orys.com.br\/wp-content\/uploads\/2022\/12\/imagem-produtos-orys-138x75.png 138w\" sizes=\"auto, (max-width:767px) 480px, 550px\" \/><\/div>\n\t\t<\/figure>\n\t<\/div>\n<\/div><\/div><\/div><div class=\"wpb_column vc_column_container vc_col-sm-6\"><div class=\"vc_column-inner\"><div class=\"wpb_wrapper\">\n\t<div class=\"wpb_text_column wpb_content_element\" >\n\t\t<div class=\"wpb_wrapper\">\n\t\t\t<p>Con nuestro equipo de expertos ayudamos a su empresa a resolver problemas con un enfoque centrado en el usuario, ofreciendo productos y servicios innovadores e intuitivos.<\/p>\n\n\t\t<\/div>\n\t<\/div>\n<\/div><\/div><\/div><\/div><\/div><\/div><\/div><\/div><\/div><\/div><\/div><\/div><\/div><\/div><div class=\"vc_row-full-width vc_clearfix\"><\/div><div data-vc-full-width=\"true\" data-vc-full-width-temp=\"true\" data-vc-full-width-init=\"false\" class=\"vc_row wpb_row vc_row-fluid vc_custom_1671067286663 vc_row-has-fill\"><div class=\"wpb_column vc_column_container vc_col-sm-12\"><div class=\"vc_column-inner\"><div class=\"wpb_wrapper\"><h1 style=\"color: #283a86;text-align: center\" class=\"vc_custom_heading vc_do_custom_heading wpb_animate_when_almost_visible wpb_fadeIn fadeIn\" >Definir y proponer<\/h1><div class=\"vc_separator wpb_content_element vc_separator_align_center vc_sep_width_100 vc_sep_border_width_3 vc_sep_pos_align_center vc_separator_no_text wpb_content_element  wpb_content_element wpb_animate_when_almost_visible wpb_fadeIn fadeIn wpb_animate_when_almost_visible wpb_fadeIn fadeIn\" ><span class=\"vc_sep_holder vc_sep_holder_l\"><span style=\"border-color:#283a86;\" class=\"vc_sep_line\"><\/span><\/span><span class=\"vc_sep_holder vc_sep_holder_r\"><span style=\"border-color:#283a86;\" class=\"vc_sep_line\"><\/span><\/span>\n<\/div><div class=\"vc_empty_space\"   style=\"height: 15px\"><span class=\"vc_empty_space_inner\"><\/span><\/div><div class=\"vc_row wpb_row vc_inner vc_row-fluid\"><div class=\"wpb_column vc_column_container vc_col-sm-3\"><div class=\"vc_column-inner\"><div class=\"wpb_wrapper\">\n\t<div  class=\"wpb_single_image wpb_content_element vc_align_center wpb_content_element wpb_animate_when_almost_visible wpb_bounceIn bounceIn\">\n\t\t\n\t\t<figure class=\"wpb_wrapper vc_figure\">\n\t\t\t<div class=\"vc_single_image-wrapper   vc_box_border_grey\"><img loading=\"lazy\" decoding=\"async\" width=\"70\" height=\"70\" src=\"https:\/\/orys.com.br\/wp-content\/uploads\/2022\/12\/icone-agile-orys.png\" class=\"vc_single_image-img attachment-full\" alt=\"\" title=\"icone-agile-orys\" srcset=\"https:\/\/orys.com.br\/wp-content\/uploads\/2022\/12\/icone-agile-orys.png 70w, https:\/\/orys.com.br\/wp-content\/uploads\/2022\/12\/icone-agile-orys-50x50.png 50w\" sizes=\"auto, (max-width:767px) 70px, 70px\" \/><\/div>\n\t\t<\/figure>\n\t<\/div>\n\n\t<div class=\"wpb_text_column wpb_content_element\" >\n\t\t<div class=\"wpb_wrapper\">\n\t\t\t<h5 style=\"text-align: center;\"><strong>AGILE<\/strong><\/h5>\n<p style=\"text-align: center;\">Nos centramos en aportar valor de forma eficaz, continua y con calidad aplicando marcos metodol\u00f3gicos \u00e1giles como Lean, Scrum y Kanban.<\/p>\n\n\t\t<\/div>\n\t<\/div>\n<\/div><\/div><\/div><div class=\"wpb_column vc_column_container vc_col-sm-3\"><div class=\"vc_column-inner\"><div class=\"wpb_wrapper\">\n\t<div  class=\"wpb_single_image wpb_content_element vc_align_center wpb_content_element wpb_animate_when_almost_visible wpb_bounceIn bounceIn\">\n\t\t\n\t\t<figure class=\"wpb_wrapper vc_figure\">\n\t\t\t<div class=\"vc_single_image-wrapper   vc_box_border_grey\"><img loading=\"lazy\" decoding=\"async\" width=\"70\" height=\"70\" src=\"https:\/\/orys.com.br\/wp-content\/uploads\/2022\/12\/icone-design-thinking-orys.png\" class=\"vc_single_image-img attachment-full\" alt=\"\" title=\"icone-design-thinking-orys\" srcset=\"https:\/\/orys.com.br\/wp-content\/uploads\/2022\/12\/icone-design-thinking-orys.png 70w, https:\/\/orys.com.br\/wp-content\/uploads\/2022\/12\/icone-design-thinking-orys-50x50.png 50w\" sizes=\"auto, (max-width:767px) 70px, 70px\" \/><\/div>\n\t\t<\/figure>\n\t<\/div>\n\n\t<div class=\"wpb_text_column wpb_content_element\" >\n\t\t<div class=\"wpb_wrapper\">\n\t\t\t<h5 style=\"text-align: center;\"><strong>DESIGN THINKING<\/strong><\/h5>\n<p style=\"text-align: center;\">Utilizamos diversas ideas y puntos de vista para resolver problemas, por lo que trabajamos con nuestros socios para crear algo nuevo, \u00fatil y para la gente.<\/p>\n\n\t\t<\/div>\n\t<\/div>\n<\/div><\/div><\/div><div class=\"wpb_column vc_column_container vc_col-sm-3\"><div class=\"vc_column-inner\"><div class=\"wpb_wrapper\">\n\t<div  class=\"wpb_single_image wpb_content_element vc_align_center wpb_content_element wpb_animate_when_almost_visible wpb_bounceIn bounceIn\">\n\t\t\n\t\t<figure class=\"wpb_wrapper vc_figure\">\n\t\t\t<div class=\"vc_single_image-wrapper   vc_box_border_grey\"><img loading=\"lazy\" decoding=\"async\" width=\"70\" height=\"70\" src=\"https:\/\/orys.com.br\/wp-content\/uploads\/2022\/12\/icone-user-exp-orys.png\" class=\"vc_single_image-img attachment-full\" alt=\"\" title=\"icone-user-exp-orys\" srcset=\"https:\/\/orys.com.br\/wp-content\/uploads\/2022\/12\/icone-user-exp-orys.png 70w, https:\/\/orys.com.br\/wp-content\/uploads\/2022\/12\/icone-user-exp-orys-50x50.png 50w\" sizes=\"auto, (max-width:767px) 70px, 70px\" \/><\/div>\n\t\t<\/figure>\n\t<\/div>\n\n\t<div class=\"wpb_text_column wpb_content_element\" >\n\t\t<div class=\"wpb_wrapper\">\n\t\t\t<h5 style=\"text-align: center;\"><strong>USER EXPERIENCE (UX)<\/strong><\/h5>\n<p style=\"text-align: center;\">Utilizamos un enfoque centrado en el usuario para la creaci\u00f3n de prototipos y el dise\u00f1o navegable con el fin de crear productos y servicios innovadores e intuitivos.<\/p>\n\n\t\t<\/div>\n\t<\/div>\n<\/div><\/div><\/div><div class=\"wpb_column vc_column_container vc_col-sm-3\"><div class=\"vc_column-inner\"><div class=\"wpb_wrapper\">\n\t<div  class=\"wpb_single_image wpb_content_element vc_align_center wpb_content_element wpb_animate_when_almost_visible wpb_bounceIn bounceIn\">\n\t\t\n\t\t<figure class=\"wpb_wrapper vc_figure\">\n\t\t\t<div class=\"vc_single_image-wrapper   vc_box_border_grey\"><img loading=\"lazy\" decoding=\"async\" width=\"70\" height=\"70\" src=\"https:\/\/orys.com.br\/wp-content\/uploads\/2022\/12\/icone-analise-funcional-orys.png\" class=\"vc_single_image-img attachment-full\" alt=\"\" title=\"icone-analise-funcional-orys\" srcset=\"https:\/\/orys.com.br\/wp-content\/uploads\/2022\/12\/icone-analise-funcional-orys.png 70w, https:\/\/orys.com.br\/wp-content\/uploads\/2022\/12\/icone-analise-funcional-orys-50x50.png 50w\" sizes=\"auto, (max-width:767px) 70px, 70px\" \/><\/div>\n\t\t<\/figure>\n\t<\/div>\n\n\t<div class=\"wpb_text_column wpb_content_element\" >\n\t\t<div class=\"wpb_wrapper\">\n\t\t\t<h5 style=\"text-align: center;\"><strong>AN\u00c1LISIS FUNCIONAL<\/strong><\/h5>\n<p style=\"text-align: center;\">Documentamos las necesidades empresariales de nuestros clientes para el desarrollo de sistemas, identificamos errores y oportunidades de mejora de procesos, recopilamos requisitos previos y especificaciones funcionales.<\/p>\n\n\t\t<\/div>\n\t<\/div>\n<\/div><\/div><\/div><\/div><\/div><\/div><\/div><\/div><div class=\"vc_row-full-width vc_clearfix\"><\/div>\n<\/div>","protected":false},"excerpt":{"rendered":"Retos empresarialesSoluci\u00f3n empresarialPor qu\u00e9 OrysRetos empresarialesRETOS EMPRESARIALES El mayor reto con cualquier metodolog\u00eda que se quiera explorar es la fase de descubrimiento\/empat\u00eda. En esta fase inicial, la falta de madurez requiere afinar la informaci\u00f3n coherente sin eliminar prematuramente las soluciones cr\u00edticas. La primera etapa resulta ser la m\u00e1s dif\u00edcil de<span class=\"excerpt-hellip\"> [\u2026]<\/span>","protected":false},"author":11,"featured_media":0,"parent":0,"menu_order":0,"comment_status":"closed","ping_status":"closed","template":"","meta":{"footnotes":""},"class_list":["post-2529","page","type-page","status-publish","hentry"],"_links":{"self":[{"href":"https:\/\/orys.com.br\/es\/wp-json\/wp\/v2\/pages\/2529","targetHints":{"allow":["GET"]}}],"collection":[{"href":"https:\/\/orys.com.br\/es\/wp-json\/wp\/v2\/pages"}],"about":[{"href":"https:\/\/orys.com.br\/es\/wp-json\/wp\/v2\/types\/page"}],"author":[{"embeddable":true,"href":"https:\/\/orys.com.br\/es\/wp-json\/wp\/v2\/users\/11"}],"replies":[{"embeddable":true,"href":"https:\/\/orys.com.br\/es\/wp-json\/wp\/v2\/comments?post=2529"}],"version-history":[{"count":5,"href":"https:\/\/orys.com.br\/es\/wp-json\/wp\/v2\/pages\/2529\/revisions"}],"predecessor-version":[{"id":3186,"href":"https:\/\/orys.com.br\/es\/wp-json\/wp\/v2\/pages\/2529\/revisions\/3186"}],"wp:attachment":[{"href":"https:\/\/orys.com.br\/es\/wp-json\/wp\/v2\/media?parent=2529"}],"curies":[{"name":"wp","href":"https:\/\/api.w.org\/{rel}","templated":true}]}}